{"id":1375,"date":"2024-06-29T13:49:53","date_gmt":"2024-06-29T05:49:53","guid":{"rendered":"https:\/\/partydecordelight.com\/product\/pre-order-48h-clear-10-arm-crystal-cluster-round-taper-candelabra-candle-holder\/"},"modified":"2026-02-08T00:24:45","modified_gmt":"2026-02-08T05:24:45","slug":"pre-order-48h-clear-10-arm-crystal-cluster-round-taper-candelabra-candle-holder","status":"publish","type":"product","link":"https:\/\/partydecordelight.com\/es\/product\/pre-order-48h-clear-10-arm-crystal-cluster-round-taper-candelabra-candle-holder\/","title":{"rendered":"10 Brazos 48\u2033 Alto Candelabro de Cristal | Centros de Mesa para Bodas | Portavelas de Pilar con Base de Espejo"},"content":{"rendered":"<p>Este Candelabro Redondo 48\u2033 Clear 10 Arm Crystal Cluster Taper es perfecto para crear un impresionante centro de mesa para cualquier evento. El elegante dise\u00f1o cuenta con diez brazos adornados con racimos de cristal y es perfecto para la celebraci\u00f3n de velas c\u00f3nicas. Ser\u00e1 seguro para hacer una declaraci\u00f3n y ser\u00e1 la adici\u00f3n perfecta a cualquier evento.<\/p>\n<p>&nbsp;<\/p>\n<p><strong>Especificaci\u00f3n:<\/strong><\/p>\n<p>Material: cristal<\/p>\n<p>Altura total: 48\u2033<\/p>\n<p>N\u00famero de tallos: 10<\/p>\n<p>V\u00e1stago AX2: 20\u2033H<\/p>\n<p>V\u00e1stago B X2: 23\u2033H<\/p>\n<p>V\u00e1stago C X2: 27,5\u2033H<\/p>\n<p>V\u00e1stago D X2: 31\u2033H<\/p>\n<p>V\u00e1stago E X2: 35\u2033H<\/p>\n<p>N\u00famero de tonos: 10<\/p>\n<p>Altura de cada pantalla: 14\u2033<\/p>\n<p>Di\u00e1metro de cada pantalla: 2,4\u2033.<\/p>\n<p>Di\u00e1metro de la base del espejo redondo: 14\u2033<\/p>\n<p>Medidas del paquete: 40\u2033X23,2\u2033X8,3\u2033.<\/p>\n<p><strong>Todas las tallas son medidas aproximadas<\/strong><\/p>\n<p><strong>Haga clic aqu\u00ed para <a href=\"https:\/\/youtu.be\/8rOd_c20yq8\" target=\"_blank\" rel=\"noopener\">Instrucciones de montaje del portavelas 10 brazos 48\u2033.<\/a><\/strong><\/p>\n<p><strong>Palabras clave:<\/strong><br \/>\nPortavelas de cristal, hecho a mano, dise\u00f1o de racimo cil\u00edndrico, cristal hurac\u00e1n, centro de mesa, decoraci\u00f3n de mesa, acento de suelo, decoraci\u00f3n del hogar, regalo de boda, regalo de aniversario, regalo de inauguraci\u00f3n, materiales de primera calidad, duradero, dise\u00f1o sim\u00e9trico, acabado cristalino, vers\u00e1til.<\/p>","protected":false},"excerpt":{"rendered":"<p>Env\u00edo gratuito dentro de EE.UU. | Entrega en 2-5 d\u00edas.<\/p>","protected":false},"featured_media":2021,"comment_status":"open","ping_status":"closed","template":"","meta":{"site-sidebar-layout":"default","site-content-layout":"default","ast-global-header-display":"","ast-banner-title-visibility":"","ast-main-header-display":"","ast-hfb-above-header-display":"","ast-hfb-below-header-display":"","ast-hfb-mobile-header-display":"","site-post-title":"","ast-breadcrumbs-content":"","ast-featured-img":"","footer-sml-layout":"","theme-transparent-header-meta":"default","adv-header-id-meta":"","stick-header-meta":"default","header-above-stick-meta":"","header-main-stick-meta":"","header-below-stick-meta":""},"product_cat":[21,37],"product_tag":[142,141],"class_list":{"0":"post-1375","1":"product","2":"type-product","3":"status-publish","4":"has-post-thumbnail","6":"product_cat-all","7":"product_cat-tabletop-8-centerpieces","8":"product_tag-candelabra","9":"product_tag-candle-holder","10":"desktop-align-left","11":"tablet-align-left","12":"mobile-align-left","14":"first","15":"instock","16":"sale","17":"taxable","18":"shipping-taxable","19":"purchasable","20":"product-type-simple"},"jetpack_sharing_enabled":true,"_links":{"self":[{"href":"https:\/\/partydecordelight.com\/es\/wp-json\/wp\/v2\/product\/1375","targetHints":{"allow":["GET"]}}],"collection":[{"href":"https:\/\/partydecordelight.com\/es\/wp-json\/wp\/v2\/product"}],"about":[{"href":"https:\/\/partydecordelight.com\/es\/wp-json\/wp\/v2\/types\/product"}],"replies":[{"embeddable":true,"href":"https:\/\/partydecordelight.com\/es\/wp-json\/wp\/v2\/comments?post=1375"}],"version-history":[{"count":2,"href":"https:\/\/partydecordelight.com\/es\/wp-json\/wp\/v2\/product\/1375\/revisions"}],"predecessor-version":[{"id":1864,"href":"https:\/\/partydecordelight.com\/es\/wp-json\/wp\/v2\/product\/1375\/revisions\/1864"}],"wp:featuredmedia":[{"embeddable":true,"href":"https:\/\/partydecordelight.com\/es\/wp-json\/wp\/v2\/media\/2021"}],"wp:attachment":[{"href":"https:\/\/partydecordelight.com\/es\/wp-json\/wp\/v2\/media?parent=1375"}],"wp:term":[{"taxonomy":"product_cat","embeddable":true,"href":"https:\/\/partydecordelight.com\/es\/wp-json\/wp\/v2\/product_cat?post=1375"},{"taxonomy":"product_tag","embeddable":true,"href":"https:\/\/partydecordelight.com\/es\/wp-json\/wp\/v2\/product_tag?post=1375"}],"curies":[{"name":"wp","href":"https:\/\/api.w.org\/{rel}","templated":true}]}}