{"id":1376,"date":"2024-06-29T13:49:54","date_gmt":"2024-06-29T05:49:54","guid":{"rendered":"https:\/\/partydecordelight.com\/product\/36h-clear-8-arm-crystal-cluster-round-taper-candelabra-candle-holder\/"},"modified":"2026-02-08T00:40:03","modified_gmt":"2026-02-08T05:40:03","slug":"36h-clear-8-arm-crystal-cluster-round-taper-candelabra-candle-holder","status":"publish","type":"product","link":"https:\/\/partydecordelight.com\/es\/product\/36h-clear-8-arm-crystal-cluster-round-taper-candelabra-candle-holder\/","title":{"rendered":"8 Brazos 36\u2033 Altura | Candelabros de Cristal | Centros de Mesa para Bodas | Portavelas de Pilar con Base Redonda de Espejo"},"content":{"rendered":"<p>Este hermoso candelabro redondo de 36\u2033 con 8 brazos de cristal transparente es la manera perfecta de a\u00f1adir elegancia y sofisticaci\u00f3n a cualquier evento. El candelabro cuenta con 8 brazos que sostienen cada uno una vela c\u00f3nica est\u00e1ndar, y el dise\u00f1o de cristal transparente crea una pantalla impresionante que hipnotizar\u00e1 a sus invitados. Ya sea para una boda, un aniversario o cualquier otra ocasi\u00f3n especial, este candelabro causar\u00e1 sensaci\u00f3n.<\/p>\n<p><strong>Especificaci\u00f3n:<\/strong><\/p>\n<p>Material: cristal<\/p>\n<p>Altura total: 36<\/p>\n<p>N\u00famero de tallos: 8<\/p>\n<p>V\u00e1stago A X2: 12\u2033H<\/p>\n<p>V\u00e1stago B X2: 15,7\u2033H<\/p>\n<p>V\u00e1stago C X2: 19,5\u2033H<\/p>\n<p>V\u00e1stago D X2: 23,5\u2033H<\/p>\n<p>N\u00famero de tonos: 8<\/p>\n<p>Altura de cada pantalla: 14\u2033<\/p>\n<p>Di\u00e1metro de cada pantalla: 2,4\u2033.<\/p>\n<p>Base Di\u00e1metro del espejo redondo: 12\u2033<\/p>\n<p>Medidas del embalaje: 27\u2033X20\u2033X11\u2033.<\/p>\n<p><a href=\"https:\/\/youtu.be\/aAUJ07aLaFY\" target=\"_blank\" rel=\"noopener\">Mostrar para este portavelas<\/a><\/p>\n<p><a href=\"https:\/\/youtu.be\/K6veIMIiA4o\" target=\"_blank\" rel=\"noopener\">Instrucciones de montaje del portavelas 10 brazos 48\u2033.<\/a><\/p>\n<p><strong>Palabras clave:<\/strong><br \/>\nPortavelas de cristal, hecho a mano, dise\u00f1o de racimo cil\u00edndrico, cristal hurac\u00e1n, centro de mesa, decoraci\u00f3n de mesa, acento de suelo, decoraci\u00f3n del hogar, regalo de boda, regalo de aniversario, regalo de inauguraci\u00f3n, materiales de primera calidad, duradero, dise\u00f1o sim\u00e9trico, acabado cristalino, vers\u00e1til.<\/p>","protected":false},"excerpt":{"rendered":"<p>Env\u00edo gratuito dentro de EE.UU. | Entrega en 2-5 d\u00edas.<\/p>","protected":false},"featured_media":1977,"comment_status":"open","ping_status":"closed","template":"","meta":{"site-sidebar-layout":"default","site-content-layout":"default","ast-global-header-display":"","ast-banner-title-visibility":"","ast-main-header-display":"","ast-hfb-above-header-display":"","ast-hfb-below-header-display":"","ast-hfb-mobile-header-display":"","site-post-title":"","ast-breadcrumbs-content":"","ast-featured-img":"","footer-sml-layout":"","theme-transparent-header-meta":"default","adv-header-id-meta":"","stick-header-meta":"default","header-above-stick-meta":"","header-main-stick-meta":"","header-below-stick-meta":""},"product_cat":[21,37],"product_tag":[142,141,143],"class_list":{"0":"post-1376","1":"product","2":"type-product","3":"status-publish","4":"has-post-thumbnail","6":"product_cat-all","7":"product_cat-tabletop-8-centerpieces","8":"product_tag-candelabra","9":"product_tag-candle-holder","10":"product_tag-centerpiece","11":"desktop-align-left","12":"tablet-align-left","13":"mobile-align-left","15":"first","16":"instock","17":"sale","18":"featured","19":"taxable","20":"shipping-taxable","21":"purchasable","22":"product-type-simple"},"jetpack_sharing_enabled":true,"_links":{"self":[{"href":"https:\/\/partydecordelight.com\/es\/wp-json\/wp\/v2\/product\/1376","targetHints":{"allow":["GET"]}}],"collection":[{"href":"https:\/\/partydecordelight.com\/es\/wp-json\/wp\/v2\/product"}],"about":[{"href":"https:\/\/partydecordelight.com\/es\/wp-json\/wp\/v2\/types\/product"}],"replies":[{"embeddable":true,"href":"https:\/\/partydecordelight.com\/es\/wp-json\/wp\/v2\/comments?post=1376"}],"version-history":[{"count":2,"href":"https:\/\/partydecordelight.com\/es\/wp-json\/wp\/v2\/product\/1376\/revisions"}],"predecessor-version":[{"id":1854,"href":"https:\/\/partydecordelight.com\/es\/wp-json\/wp\/v2\/product\/1376\/revisions\/1854"}],"wp:featuredmedia":[{"embeddable":true,"href":"https:\/\/partydecordelight.com\/es\/wp-json\/wp\/v2\/media\/1977"}],"wp:attachment":[{"href":"https:\/\/partydecordelight.com\/es\/wp-json\/wp\/v2\/media?parent=1376"}],"wp:term":[{"taxonomy":"product_cat","embeddable":true,"href":"https:\/\/partydecordelight.com\/es\/wp-json\/wp\/v2\/product_cat?post=1376"},{"taxonomy":"product_tag","embeddable":true,"href":"https:\/\/partydecordelight.com\/es\/wp-json\/wp\/v2\/product_tag?post=1376"}],"curies":[{"name":"wp","href":"https:\/\/api.w.org\/{rel}","templated":true}]}}