{"id":1482,"date":"2024-06-29T20:53:21","date_gmt":"2024-06-29T12:53:21","guid":{"rendered":"https:\/\/partydecordelight.com\/?post_type=product&#038;p=1482"},"modified":"2026-03-08T01:05:30","modified_gmt":"2026-03-08T06:05:30","slug":"cylinder","status":"publish","type":"product","link":"https:\/\/partydecordelight.com\/es\/product\/cylinder\/","title":{"rendered":"Set de 5 pedestales cil\u00edndricos de metal blanco para el pasillo de la boda, cajas de exhibici\u00f3n redondas de pilar de z\u00f3calo | pedestales de acero grueso para tartas | decoraciones para eventos | decoraci\u00f3n para fiestas de cumplea\u00f1os"},"content":{"rendered":"<p><img fetchpriority=\"high\" decoding=\"async\" class=\"alignnone wp-image-1469\" src=\"https:\/\/partydecordelight.com\/wp-content\/uploads\/2024\/06\/22-300x56.jpg\" alt=\"\" width=\"825\" height=\"154\" srcset=\"https:\/\/partydecordelight.com\/wp-content\/uploads\/2024\/06\/22-300x56.jpg 300w, https:\/\/partydecordelight.com\/wp-content\/uploads\/2024\/06\/22-1024x193.jpg 1024w, https:\/\/partydecordelight.com\/wp-content\/uploads\/2024\/06\/22-768x144.jpg 768w, https:\/\/partydecordelight.com\/wp-content\/uploads\/2024\/06\/22-1536x289.jpg 1536w, https:\/\/partydecordelight.com\/wp-content\/uploads\/2024\/06\/22.jpg 1803w\" sizes=\"(max-width: 825px) 100vw, 825px\" \/><\/p>\n<p><strong>Caracter\u00edsticas:<\/strong><br \/>\n1. F\u00e1cil de guardar, se pueden anidar juntos para guardarlos, por lo que no ocupan demasiado espacio.<br \/>\n2. Reutilizable. La calidad es buena ya que utilizamos material met\u00e1lico bueno y grueso.<br \/>\n3. La funda de tela es extra\u00edble y lavable para facilitar su sustituci\u00f3n.<\/p>\n<p><strong>Especificaci\u00f3n:<\/strong><br \/>\nMaterial: Metal (Buena calidad, grueso)<br \/>\nCada paquete incluye: 5 piezas por juego<br \/>\nOcasi\u00f3n: Boda, Fiesta Baby Shower, o cualquier otra Fiesta, Hogar, Jard\u00edn, etc.<br \/>\nColor para los cilindros: Blanco<br \/>\nTama\u00f1o de los cilindros:<br \/>\n#1: 35\u2033Al x16 \"P<br \/>\n#2: 30\u2033Al x14\u2033F<br \/>\n#3: 24\u2033Al x 13\u2033F<br \/>\n#4: 22\u2033Al x 12\u2033Prof.<br \/>\n#5: 20\u2033Al x 11\u2033F.<br \/>\nTodas las tallas son medidas aproximadas<\/p>\n<p>Este juego de soportes est\u00e1 especialmente dise\u00f1ado para realzar el atractivo visual de bodas y eventos. Fabricados en metal de alta calidad, estos soportes ofrecen durabilidad y un dise\u00f1o elegante y moderno. El juego incluye cinco soportes, cada uno con un z\u00f3calo redondo en la parte superior, que proporciona una base estable para las decoraciones elegidas. Ofrecen un soporte resistente para los telones de fondo, garantizando un punto focal cautivador durante toda la celebraci\u00f3n. A\u00f1ade un toque de elegancia a la decoraci\u00f3n de tu boda con estos soportes cil\u00edndricos de metal con z\u00f3calo redondo.<\/p>\n<p><strong>Palabras clave:<\/strong><br \/>\nsoportes para tartas, soportes para postres, expositores, soportes cil\u00edndricos, pedestales, pilares met\u00e1licos, estables, duraderos, vers\u00e1tiles, hechos a mano, decoraci\u00f3n de bodas, decoraci\u00f3n de fiestas de cumplea\u00f1os, decoraci\u00f3n de bautizos, expositores de moda, soportes para marketing, soportes para plantas, expositores de arte<\/p>\n<p>&nbsp;<\/p>","protected":false},"excerpt":{"rendered":"<p>Env\u00edo gratuito dentro de EE.UU. | Entrega en 2-5 d\u00edas.<\/p>","protected":false},"featured_media":2000,"comment_status":"open","ping_status":"closed","template":"","meta":{"site-sidebar-layout":"default","site-content-layout":"default","ast-global-header-display":"","ast-banner-title-visibility":"","ast-main-header-display":"","ast-hfb-above-header-display":"","ast-hfb-below-header-display":"","ast-hfb-mobile-header-display":"","site-post-title":"","ast-breadcrumbs-content":"","ast-featured-img":"","footer-sml-layout":"","theme-transparent-header-meta":"default","adv-header-id-meta":"","stick-header-meta":"default","header-above-stick-meta":"","header-main-stick-meta":"","header-below-stick-meta":""},"product_cat":[21,34],"product_tag":[63,64,55,54,43,60,46,44,45,50,48,61,47,62,49,53],"class_list":{"0":"post-1482","1":"product","2":"type-product","3":"status-publish","4":"has-post-thumbnail","6":"product_cat-all","7":"product_cat-backdrop-stands","8":"product_tag-backdrop","9":"product_tag-backdrop-stand","10":"product_tag-baptism-decor","11":"product_tag-birthday-party-decor","12":"product_tag-cake-stands","13":"product_tag-cylinder","14":"product_tag-cylinder-stands","15":"product_tag-dessert-stands","16":"product_tag-display-stands","17":"product_tag-durable","18":"product_tag-metal-pillars","19":"product_tag-pedestal","20":"product_tag-pedestal-plinth-stands","21":"product_tag-plinth","22":"product_tag-stable","23":"product_tag-wedding-decorations","24":"desktop-align-left","25":"tablet-align-left","26":"mobile-align-left","28":"first","29":"instock","30":"sale","31":"featured","32":"taxable","33":"shipping-taxable","34":"purchasable","35":"product-type-simple"},"jetpack_sharing_enabled":true,"_links":{"self":[{"href":"https:\/\/partydecordelight.com\/es\/wp-json\/wp\/v2\/product\/1482","targetHints":{"allow":["GET"]}}],"collection":[{"href":"https:\/\/partydecordelight.com\/es\/wp-json\/wp\/v2\/product"}],"about":[{"href":"https:\/\/partydecordelight.com\/es\/wp-json\/wp\/v2\/types\/product"}],"replies":[{"embeddable":true,"href":"https:\/\/partydecordelight.com\/es\/wp-json\/wp\/v2\/comments?post=1482"}],"version-history":[{"count":8,"href":"https:\/\/partydecordelight.com\/es\/wp-json\/wp\/v2\/product\/1482\/revisions"}],"predecessor-version":[{"id":1641,"href":"https:\/\/partydecordelight.com\/es\/wp-json\/wp\/v2\/product\/1482\/revisions\/1641"}],"wp:featuredmedia":[{"embeddable":true,"href":"https:\/\/partydecordelight.com\/es\/wp-json\/wp\/v2\/media\/2000"}],"wp:attachment":[{"href":"https:\/\/partydecordelight.com\/es\/wp-json\/wp\/v2\/media?parent=1482"}],"wp:term":[{"taxonomy":"product_cat","embeddable":true,"href":"https:\/\/partydecordelight.com\/es\/wp-json\/wp\/v2\/product_cat?post=1482"},{"taxonomy":"product_tag","embeddable":true,"href":"https:\/\/partydecordelight.com\/es\/wp-json\/wp\/v2\/product_tag?post=1482"}],"curies":[{"name":"wp","href":"https:\/\/api.w.org\/{rel}","templated":true}]}}