{"id":2243,"date":"2024-07-21T14:28:35","date_gmt":"2024-07-21T06:28:35","guid":{"rendered":"https:\/\/partydecordelight.com\/?post_type=product&#038;p=2243"},"modified":"2024-07-21T14:39:18","modified_gmt":"2024-07-21T06:39:18","slug":"10-pcs-13-8-tall-crystal-glass-candelabra-shades-10-pcs-9-8-tall-crystal-glass-candelabra-shades","status":"publish","type":"product","link":"https:\/\/partydecordelight.com\/es\/product\/10-pcs-13-8-tall-crystal-glass-candelabra-shades-10-pcs-9-8-tall-crystal-glass-candelabra-shades\/","title":{"rendered":"10 Piezas 13.8\u2033 Alto | Tulipas de Candelabro de Cristal | Brazos de Candelabro de Cristal"},"content":{"rendered":"<p>Material: Cristal<br \/>\nTama\u00f1o: 13.8\u2033H X 2.4 \"D (Para portavelas de cristal)<\/p>\n<p><strong>Palabras clave:<\/strong><br \/>\nPortavelas de cristal, hecho a mano, dise\u00f1o de racimo cil\u00edndrico, cristal hurac\u00e1n, centro de mesa, decoraci\u00f3n de mesa, acento de suelo, decoraci\u00f3n del hogar, regalo de boda, regalo de aniversario, regalo de inauguraci\u00f3n, materiales de primera calidad, duradero, dise\u00f1o sim\u00e9trico, acabado cristalino, vers\u00e1til.<\/p>","protected":false},"excerpt":{"rendered":"<p>Env\u00edo gratuito dentro de EE.UU. | Entrega en 2-5 d\u00edas.<\/p>","protected":false},"featured_media":2247,"comment_status":"open","ping_status":"closed","template":"","meta":{"site-sidebar-layout":"default","site-content-layout":"default","ast-global-header-display":"","ast-banner-title-visibility":"","ast-main-header-display":"","ast-hfb-above-header-display":"","ast-hfb-below-header-display":"","ast-hfb-mobile-header-display":"","site-post-title":"","ast-breadcrumbs-content":"","ast-featured-img":"","footer-sml-layout":"","theme-transparent-header-meta":"default","adv-header-id-meta":"","stick-header-meta":"default","header-above-stick-meta":"","header-main-stick-meta":"","header-below-stick-meta":""},"product_cat":[21,37],"product_tag":[142,141,143],"class_list":{"0":"post-2243","1":"product","2":"type-product","3":"status-publish","4":"has-post-thumbnail","6":"product_cat-all","7":"product_cat-tabletop-8-centerpieces","8":"product_tag-candelabra","9":"product_tag-candle-holder","10":"product_tag-centerpiece","11":"desktop-align-left","12":"tablet-align-left","13":"mobile-align-left","15":"first","16":"instock","17":"sale","18":"taxable","19":"shipping-taxable","20":"purchasable","21":"product-type-simple"},"jetpack_sharing_enabled":true,"_links":{"self":[{"href":"https:\/\/partydecordelight.com\/es\/wp-json\/wp\/v2\/product\/2243","targetHints":{"allow":["GET"]}}],"collection":[{"href":"https:\/\/partydecordelight.com\/es\/wp-json\/wp\/v2\/product"}],"about":[{"href":"https:\/\/partydecordelight.com\/es\/wp-json\/wp\/v2\/types\/product"}],"replies":[{"embeddable":true,"href":"https:\/\/partydecordelight.com\/es\/wp-json\/wp\/v2\/comments?post=2243"}],"version-history":[{"count":2,"href":"https:\/\/partydecordelight.com\/es\/wp-json\/wp\/v2\/product\/2243\/revisions"}],"predecessor-version":[{"id":2253,"href":"https:\/\/partydecordelight.com\/es\/wp-json\/wp\/v2\/product\/2243\/revisions\/2253"}],"wp:featuredmedia":[{"embeddable":true,"href":"https:\/\/partydecordelight.com\/es\/wp-json\/wp\/v2\/media\/2247"}],"wp:attachment":[{"href":"https:\/\/partydecordelight.com\/es\/wp-json\/wp\/v2\/media?parent=2243"}],"wp:term":[{"taxonomy":"product_cat","embeddable":true,"href":"https:\/\/partydecordelight.com\/es\/wp-json\/wp\/v2\/product_cat?post=2243"},{"taxonomy":"product_tag","embeddable":true,"href":"https:\/\/partydecordelight.com\/es\/wp-json\/wp\/v2\/product_tag?post=2243"}],"curies":[{"name":"wp","href":"https:\/\/api.w.org\/{rel}","templated":true}]}}