{"id":1575,"date":"2024-07-01T10:04:04","date_gmt":"2024-07-01T02:04:04","guid":{"rendered":"https:\/\/partydecordelight.com\/?page_id=1575"},"modified":"2024-07-01T10:06:54","modified_gmt":"2024-07-01T02:06:54","slug":"return-policy","status":"publish","type":"page","link":"https:\/\/partydecordelight.com\/fr\/return-policy\/","title":{"rendered":"Politique de retour"},"content":{"rendered":"<div data-elementor-type=\"wp-page\" data-elementor-id=\"1575\" class=\"elementor elementor-1575\" data-elementor-post-type=\"page\">\n\t\t\t\t<div class=\"elementor-element elementor-element-9b9a43f e-con-full e-flex e-con e-parent\" data-id=\"9b9a43f\" data-element_type=\"container\" data-core-v316-plus=\"true\">\n\t\t\t\t<div class=\"elementor-element elementor-element-ce5d36f elementor-widget elementor-widget-image\" data-id=\"ce5d36f\" data-element_type=\"widget\" data-widget_type=\"image.default\">\n\t\t\t\t<div class=\"elementor-widget-container\">\n\t\t\t<style>\/*! elementor - v3.20.0 - 11-03-2024 *\/\n.elementor-widget-image{text-align:center}.elementor-widget-image a{display:inline-block}.elementor-widget-image a img[src$=\".svg\"]{width:48px}.elementor-widget-image img{vertical-align:middle;display:inline-block}<\/style>\t\t\t\t\t\t\t\t\t\t<img fetchpriority=\"high\" decoding=\"async\" width=\"1803\" height=\"339\" src=\"https:\/\/partydecordelight.com\/wp-content\/uploads\/2024\/06\/22.jpg\" class=\"attachment-full size-full wp-image-1469\" alt=\"\" srcset=\"https:\/\/partydecordelight.com\/wp-content\/uploads\/2024\/06\/22.jpg 1803w, https:\/\/partydecordelight.com\/wp-content\/uploads\/2024\/06\/22-300x56.jpg 300w, https:\/\/partydecordelight.com\/wp-content\/uploads\/2024\/06\/22-1024x193.jpg 1024w, https:\/\/partydecordelight.com\/wp-content\/uploads\/2024\/06\/22-768x144.jpg 768w, https:\/\/partydecordelight.com\/wp-content\/uploads\/2024\/06\/22-1536x289.jpg 1536w\" sizes=\"(max-width: 1803px) 100vw, 1803px\" \/>\t\t\t\t\t\t\t\t\t\t\t\t\t<\/div>\n\t\t\t\t<\/div>\n\t\t\t\t<\/div>\n\t\t<div class=\"elementor-element elementor-element-7a313eb e-flex e-con-boxed e-con e-parent\" data-id=\"7a313eb\" data-element_type=\"container\" data-core-v316-plus=\"true\">\n\t\t\t\t\t<div class=\"e-con-inner\">\n\t\t\t\t<div class=\"elementor-element elementor-element-969fa24 elementor-widget elementor-widget-text-editor\" data-id=\"969fa24\" data-element_type=\"widget\" data-widget_type=\"text-editor.default\">\n\t\t\t\t<div class=\"elementor-widget-container\">\n\t\t\t<style>\/*! elementor - v3.20.0 - 11-03-2024 *\/\n.elementor-widget-text-editor.elementor-drop-cap-view-stacked .elementor-drop-cap{background-color:#69727d;color:#fff}.elementor-widget-text-editor.elementor-drop-cap-view-framed .elementor-drop-cap{color:#69727d;border:3px solid;background-color:transparent}.elementor-widget-text-editor:not(.elementor-drop-cap-view-default) .elementor-drop-cap{margin-top:8px}.elementor-widget-text-editor:not(.elementor-drop-cap-view-default) .elementor-drop-cap-letter{width:1em;height:1em}.elementor-widget-text-editor .elementor-drop-cap{float:left;text-align:center;line-height:1;font-size:50px}.elementor-widget-text-editor .elementor-drop-cap-letter{display:inline-block}<\/style>\t\t\t\t<div id=\"comp-ljf69oba3\" class=\"HcOXKn c9GqVL QxJLC3 comp-ljf69oba3 wixui-rich-text\" data-testid=\"richTextElement\"><p class=\"font_5 wixui-rich-text__text\"><strong><span class=\"wixui-rich-text__text\">Livraison<\/span><\/strong><\/p><\/div><div id=\"comp-ljf69obb5\" class=\"HcOXKn c9GqVL QxJLC3 comp-ljf69obb5 wixui-rich-text\" data-testid=\"richTextElement\"><p class=\"font_8 wixui-rich-text__text\">La plupart des articles sont exp\u00e9di\u00e9s gratuitement dans les 48 \u00c9tats.<\/p><p class=\"font_8 wixui-rich-text__text\">Nous exp\u00e9dions uniquement aux \u00c9tats-Unis.<\/p><p class=\"font_8 wixui-rich-text__text\">Le terme EXCLUT les \u00c9tats d'Alaska et d'Hawa\u00ef, ainsi que tous les territoires et possessions des \u00c9tats-Unis situ\u00e9s au large des c\u00f4tes, tels que Porto Rico, Guam et les \u00celes Vierges.<\/p><p class=\"font_8 wixui-rich-text__text\">D\u00e9lai de livraison : 3-5 jours ouvrables (variable selon la destination)<\/p><\/div><div id=\"comp-ljf69obm4\" class=\"HcOXKn c9GqVL QxJLC3 comp-ljf69obm4 wixui-rich-text\" data-testid=\"richTextElement\"><p class=\"font_5 wixui-rich-text__text\"><strong><span class=\"wixui-rich-text__text\">Service apr\u00e8s-vente<\/span><\/strong><\/p><\/div><div id=\"comp-ljf69obn5\" class=\"HcOXKn c9GqVL QxJLC3 comp-ljf69obn5 wixui-rich-text\" data-testid=\"richTextElement\"><p class=\"font_8 wixui-rich-text__text\"><span class=\"wixui-rich-text__text\">1. Si les produits que vous avez re\u00e7us sont endommag\u00e9s, veuillez nous contacter et nous envoyer des photos ou des vid\u00e9os des articles endommag\u00e9s dans les 3 jours. Nous sommes d\u00e9sol\u00e9s de ne pouvoir traiter votre demande de remplacement si vos colis sont livr\u00e9s au-del\u00e0 de 3 jours.<\/span><\/p><p class=\"font_8 wixui-rich-text__text\"><span class=\"wixui-rich-text__text\">2. Nous vous livrerons gratuitement la pi\u00e8ce de rechange dans un d\u00e9lai de 3 jours apr\u00e8s avoir re\u00e7u des photos ou des vid\u00e9os des articles endommag\u00e9s.<\/span><\/p><\/div><div id=\"comp-ljf69obz\" class=\"HcOXKn c9GqVL QxJLC3 comp-ljf69obz wixui-rich-text\" data-testid=\"richTextElement\"><p class=\"font_5 wixui-rich-text__text\"><strong><span class=\"wixui-rich-text__text\">Politique de retour<\/span><\/strong><\/p><\/div><div id=\"comp-ljf69oc0\" class=\"HcOXKn c9GqVL QxJLC3 comp-ljf69oc0 wixui-rich-text\" data-testid=\"richTextElement\"><p class=\"font_8 wixui-rich-text__text\"><span class=\"wixui-rich-text__text\"><span class=\"color_15 wixui-rich-text__text\">Si vous n'aimez pas le produit apr\u00e8s l'avoir re\u00e7u, vous pouvez contacter le service client\u00e8le pour retourner le produit dans les 3 jours suivant la r\u00e9ception du produit, nous vous enverrons une \u00e9tiquette de retour et vous devrez prendre en charge les frais d'exp\u00e9dition aller-retour. Apr\u00e8s r\u00e9ception de l'\u00e9tiquette de retour, veuillez conserver le produit dans son emballage d'origine dans les 3 jours. S'il n'y a pas de probl\u00e8me, nous vous rembourserons dans les 3 jours ouvrables. Si le produit est utilis\u00e9, nous facturerons des frais d'utilisation de 50% de la valeur du produit.<\/span><\/span><\/p><\/div><div id=\"comp-ljf69oce1\" class=\"HcOXKn c9GqVL QxJLC3 comp-ljf69oce1 wixui-rich-text\" data-testid=\"richTextElement\"><p class=\"font_5 wixui-rich-text__text\"><strong><span class=\"wixui-rich-text__text\">Politique de retour des produits en verre<\/span><\/strong><\/p><\/div><div id=\"comp-ljf69ocf2\" class=\"HcOXKn c9GqVL QxJLC3 comp-ljf69ocf2 wixui-rich-text\" data-testid=\"richTextElement\"><p class=\"font_8 wixui-rich-text__text\"><span class=\"wixui-rich-text__text\"><span class=\"color_15 wixui-rich-text__text\">Les produits en verre se cassent facilement, les pi\u00e8ces en verre ne sont donc pas retournables.<\/span><\/span><\/p><\/div>\t\t\t\t\t\t<\/div>\n\t\t\t\t<\/div>\n\t\t\t\t\t<\/div>\n\t\t\t\t<\/div>\n\t\t\t\t<\/div>","protected":false},"excerpt":{"rendered":"<p>Livraison La plupart des articles sont livr\u00e9s gratuitement dans les 48 \u00c9tats. Nous livrons uniquement aux \u00c9tats-Unis. Ce terme EXCLUT les \u00c9tats de l'Alaska, Hawa\u00ef et tous les territoires et possessions off-shore des \u00c9tats-Unis, tels que Porto Rico, Guam et les \u00eeles Vierges. D\u00e9lai de livraison : 3-5 jours ouvrables (variable selon la destination) Service apr\u00e8s-vente 1. Si les produits ...<\/p>\n<p class=\"read-more\"> <a class=\"\" href=\"https:\/\/partydecordelight.com\/fr\/return-policy\/\"> <span class=\"screen-reader-text\">Politique de retour<\/span> Lire la suite\u00a0\u00bb<\/a><\/p>","protected":false},"author":1,"featured_media":0,"parent":0,"menu_order":0,"comment_status":"closed","ping_status":"closed","template":"","meta":{"site-sidebar-layout":"no-sidebar","site-content-layout":"page-builder","ast-global-header-display":"","ast-banner-title-visibility":"","ast-main-header-display":"","ast-hfb-above-header-display":"","ast-hfb-below-header-display":"","ast-hfb-mobile-header-display":"","site-post-title":"disabled","ast-breadcrumbs-content":"","ast-featured-img":"disabled","footer-sml-layout":"","theme-transparent-header-meta":"","adv-header-id-meta":"","stick-header-meta":"","header-above-stick-meta":"","header-main-stick-meta":"","header-below-stick-meta":"","footnotes":""},"class_list":["post-1575","page","type-page","status-publish","hentry"],"jetpack_sharing_enabled":true,"_links":{"self":[{"href":"https:\/\/partydecordelight.com\/fr\/wp-json\/wp\/v2\/pages\/1575","targetHints":{"allow":["GET"]}}],"collection":[{"href":"https:\/\/partydecordelight.com\/fr\/wp-json\/wp\/v2\/pages"}],"about":[{"href":"https:\/\/partydecordelight.com\/fr\/wp-json\/wp\/v2\/types\/page"}],"author":[{"embeddable":true,"href":"https:\/\/partydecordelight.com\/fr\/wp-json\/wp\/v2\/users\/1"}],"replies":[{"embeddable":true,"href":"https:\/\/partydecordelight.com\/fr\/wp-json\/wp\/v2\/comments?post=1575"}],"version-history":[{"count":4,"href":"https:\/\/partydecordelight.com\/fr\/wp-json\/wp\/v2\/pages\/1575\/revisions"}],"predecessor-version":[{"id":1581,"href":"https:\/\/partydecordelight.com\/fr\/wp-json\/wp\/v2\/pages\/1575\/revisions\/1581"}],"wp:attachment":[{"href":"https:\/\/partydecordelight.com\/fr\/wp-json\/wp\/v2\/media?parent=1575"}],"curies":[{"name":"wp","href":"https:\/\/api.w.org\/{rel}","templated":true}]}}