{"id":1287,"date":"2024-06-29T13:49:23","date_gmt":"2024-06-29T05:49:23","guid":{"rendered":"https:\/\/partydecordelight.com\/product\/2-pcs-36-tall-crystal-glass-pendant-flower-stand-rectangular-flow\/"},"modified":"2026-02-08T00:28:31","modified_gmt":"2026-02-08T05:28:31","slug":"2-pcs-36-tall-crystal-glass-pendant-flower-stand-rectangular-flow","status":"publish","type":"product","link":"https:\/\/partydecordelight.com\/fr\/product\/2-pcs-36-tall-crystal-glass-pendant-flower-stand-rectangular-flow\/","title":{"rendered":"2 Pcs | 36\u2033 tall Pure Crystal Pendant Rectangular Flower stand | Gold Wedding Vases Centerpieces | Wedding Party Decoration"},"content":{"rendered":"<p>Nous vous pr\u00e9sentons nos 2 pi\u00e8ces exquises de 36\u2033 de Pendentifs \u00e0 fleurs en verre cristallin, une addition \u00e9tonnante pour \u00e9lever l'ambiance de vos mariages, \u00e9v\u00e9nements, ou toute autre occasion sp\u00e9ciale. Ces \u00e9l\u00e9gants supports combinent la sophistication avec une touche de flair contemporain, ce qui en fait le choix parfait pour ceux qui recherchent un centre de table unique et accrocheur.<\/p>\n<p>&nbsp;<\/p>\n<p>Caract\u00e9ristiques principales :<\/p>\n<p>1. **\u00c9l\u00e9gance cristalline:** Fabriqu\u00e9s en verre de cristal de haute qualit\u00e9, ces porte-fleurs suspendus exsudent une \u00e9l\u00e9gance intemporelle. Le design cristallin permet un jeu de lumi\u00e8re captivant, ajoutant une touche de glamour \u00e0 n'importe quel d\u00e9cor.<\/p>\n<p>2. **Hauteur polyvalente:** D'une hauteur impressionnante de 36 pouces, ces supports attirent l'attention sans \u00e9clipser vos compositions florales. La hauteur est id\u00e9ale pour cr\u00e9er un sentiment de grandeur et faire une d\u00e9claration lors de mariages, de r\u00e9ceptions ou d'\u00e9v\u00e9nements haut de gamme.<\/p>\n<p>3. **Floral Finesse:** La plate-forme rectangulaire pour compositions florales offre une base spacieuse et stable pour mettre en valeur vos fleurs pr\u00e9f\u00e9r\u00e9es. Disposez des fleurs en cascade, de la verdure luxuriante ou d'autres \u00e9l\u00e9ments d\u00e9coratifs pour compl\u00e9ter le design du pendentif en cristal et cr\u00e9er une pr\u00e9sentation visuellement \u00e9poustouflante.<\/p>\n<p>4. **Pack de deux:** Cette offre de pr\u00e9commande comprend deux stands, vous permettant de cr\u00e9er un look sym\u00e9trique et coh\u00e9rent dans votre espace \u00e9v\u00e9nementiel. Qu'il s'agisse d'encadrer une entr\u00e9e, d'orner un espace de c\u00e9r\u00e9monie ou de rehausser un paysage de table, le pack double garantit la flexibilit\u00e9 de vos arrangements d\u00e9coratifs.<\/p>\n<p>5. **Assemblage facile:** Con\u00e7us dans un souci de commodit\u00e9, ces stands sont faciles \u00e0 assembler, ce qui vous permet de vous concentrer sur l'aspect cr\u00e9atif de la d\u00e9coration plut\u00f4t que sur l'installation. Des instructions simples facilitent le processus, garantissant une pr\u00e9paration efficace et sans heurts de votre \u00e9v\u00e9nement.<\/p>\n<p>6. **Fabrication de qualit\u00e9:** Nos porte-fleurs suspendus sont fabriqu\u00e9s avec une attention m\u00e9ticuleuse aux d\u00e9tails, ce qui garantit leur durabilit\u00e9 et leur long\u00e9vit\u00e9. La construction robuste garantit que ces supports am\u00e9liorent non seulement l'esth\u00e9tique de votre \u00e9v\u00e9nement, mais qu'ils r\u00e9sistent \u00e9galement \u00e0 l'\u00e9preuve du temps.<\/p>\n<p>&nbsp;<\/p>\n<p>Faites une d\u00e9claration lors de votre prochain \u00e9v\u00e9nement avec l'allure enchanteresse du 2 PACK | 36\u2033 Tall Crystal Glass Suspension Flower Stands. \u00c9levez votre d\u00e9cor \u00e0 de nouveaux sommets et laissez une impression durable sur vos invit\u00e9s.<\/p>\n<p>Il y a<strong> 2 pi\u00e8ces en une seule commande<\/strong>.<\/p>\n<p><strong>Hauteur totale :<\/strong> 35.4\u2033 Haut<\/p>\n<p><strong>Taille :<\/strong> H 8.7\u2033 x L 27.6\u2033 x L 7.5\u2033<\/p>\n<p><strong>Taille du pied :<\/strong> H 0.8\u2033 x L 12.6\u2033 x W 8.7\u2033 Poids : 11Lbs pour chaque.<\/p>\n<p><strong>Pendentif en cristal :<\/strong>\u00a06\u2033 Long<\/p>\n<p>&nbsp;<\/p>\n<p>&nbsp;<\/p>","protected":false},"excerpt":{"rendered":"<p>Exp\u00e9dition gratuite aux \u00c9tats-Unis | 2-5 jours de livraison.<\/p>","protected":false},"featured_media":2215,"comment_status":"open","ping_status":"closed","template":"","meta":{"site-sidebar-layout":"default","site-content-layout":"default","ast-global-header-display":"","ast-banner-title-visibility":"","ast-main-header-display":"","ast-hfb-above-header-display":"","ast-hfb-below-header-display":"","ast-hfb-mobile-header-display":"","site-post-title":"","ast-breadcrumbs-content":"","ast-featured-img":"","footer-sml-layout":"","theme-transparent-header-meta":"default","adv-header-id-meta":"","stick-header-meta":"default","header-above-stick-meta":"","header-main-stick-meta":"","header-below-stick-meta":""},"product_cat":[21,37],"product_tag":[143,145,149],"class_list":{"0":"post-1287","1":"product","2":"type-product","3":"status-publish","4":"has-post-thumbnail","6":"product_cat-all","7":"product_cat-tabletop-8-centerpieces","8":"product_tag-centerpiece","9":"product_tag-flower-stand","10":"product_tag-tabletop","11":"desktop-align-left","12":"tablet-align-left","13":"mobile-align-left","15":"first","16":"instock","17":"sale","18":"taxable","19":"shipping-taxable","20":"purchasable","21":"product-type-simple"},"jetpack_sharing_enabled":true,"_links":{"self":[{"href":"https:\/\/partydecordelight.com\/fr\/wp-json\/wp\/v2\/product\/1287","targetHints":{"allow":["GET"]}}],"collection":[{"href":"https:\/\/partydecordelight.com\/fr\/wp-json\/wp\/v2\/product"}],"about":[{"href":"https:\/\/partydecordelight.com\/fr\/wp-json\/wp\/v2\/types\/product"}],"replies":[{"embeddable":true,"href":"https:\/\/partydecordelight.com\/fr\/wp-json\/wp\/v2\/comments?post=1287"}],"version-history":[{"count":2,"href":"https:\/\/partydecordelight.com\/fr\/wp-json\/wp\/v2\/product\/1287\/revisions"}],"predecessor-version":[{"id":1927,"href":"https:\/\/partydecordelight.com\/fr\/wp-json\/wp\/v2\/product\/1287\/revisions\/1927"}],"wp:featuredmedia":[{"embeddable":true,"href":"https:\/\/partydecordelight.com\/fr\/wp-json\/wp\/v2\/media\/2215"}],"wp:attachment":[{"href":"https:\/\/partydecordelight.com\/fr\/wp-json\/wp\/v2\/media?parent=1287"}],"wp:term":[{"taxonomy":"product_cat","embeddable":true,"href":"https:\/\/partydecordelight.com\/fr\/wp-json\/wp\/v2\/product_cat?post=1287"},{"taxonomy":"product_tag","embeddable":true,"href":"https:\/\/partydecordelight.com\/fr\/wp-json\/wp\/v2\/product_tag?post=1287"}],"curies":[{"name":"wp","href":"https:\/\/api.w.org\/{rel}","templated":true}]}}