{"id":1288,"date":"2024-06-29T13:49:23","date_gmt":"2024-06-29T05:49:23","guid":{"rendered":"https:\/\/partydecordelight.com\/product\/5pcs-37h-8-arms-gold-cluster-candle-holder-candlestick-tabletop-centerpieces\/"},"modified":"2024-07-21T13:22:58","modified_gmt":"2024-07-21T05:22:58","slug":"5pcs-37h-8-arms-gold-cluster-candle-holder-candlestick-tabletop-centerpieces","status":"publish","type":"product","link":"https:\/\/partydecordelight.com\/fr\/product\/5pcs-37h-8-arms-gold-cluster-candle-holder-candlestick-tabletop-centerpieces\/","title":{"rendered":"5Pcs | Set 37\u2033H 8 Arms Gold Cluster Candle Holder Candlestick Tabletop Centerpieces"},"content":{"rendered":"<p>Ce centre de table de 36\u2033H 8 Arms Gold Cluster Candle Holder Party Centerpiece est parfait pour toute occasion sp\u00e9ciale. Il comporte 8 bras qui peuvent chacun contenir une bougie, ce qui en fait un centre de table magnifique et accrocheur. Ce magnifique porte-bougies dor\u00e9 fera briller n'importe quel \u00e9v\u00e9nement. Avec sa hauteur de 36\u2033, il constituera un excellent point de mire pour toute table ou rassemblement. Ajoutez une touche d'\u00e9l\u00e9gance \u00e0 votre \u00e9v\u00e9nement avec ce magnifique bougeoir.<\/p>\n<p><strong>Sp\u00e9cification :<\/strong><\/p>\n<p>Paquet : 5 pi\u00e8ces par set<\/p>\n<p>Mat\u00e9riau : M\u00e9tal et verre<\/p>\n<p>Couleur : or<\/p>\n<p>Hauteur totale : 37\".<\/p>\n<p>Diam\u00e8tre de la base : 11<\/p>\n<p>Nombre de tiges : 8<\/p>\n<p>Abat-jour en verre : 8<\/p>\n<p>Hauteur totale pour 8 supports : 24.4\u2033H X2, 28\u2033HX2, 32.3\u2033HX2, 36.2\u2033 HX2<\/p>\n<p>Verre Taille : 9.8 \"H 2\u2033D<\/p>\n<p>Chaque paquet comprend<\/p>\n<p>Une bo\u00eete pour les barres<\/p>\n<p>Une bo\u00eete pour les abat-jour en verre<\/p>\n<p>Une bo\u00eete pour les coupes et les bases de lumi\u00e8re.<\/p>\n<p>Assemblage requis : Oui<\/p>\n<p>Occasion : Mariage, f\u00eate de b\u00e9b\u00e9, ou toute autre f\u00eate, maison, jardin<\/p>\n<p>Couleur : or<\/p>\n<p><strong>Toutes les tailles sont des mesures approximatives<\/strong><\/p>\n<p><a href=\"https:\/\/youtu.be\/UzJ2cMV_wDI\" target=\"_blank\" rel=\"noopener\"><strong>Cliquez pour<\/strong><\/a><strong> <a href=\"https:\/\/youtu.be\/8rOd_c20yq8\">Instructions pour l'assemblage de<\/a><\/strong><a href=\"https:\/\/youtu.be\/UzJ2cMV_wDI\" target=\"_blank\" rel=\"noopener\"><strong>\u00a0cette\u00a0<\/strong><\/a>article.<\/p>","protected":false},"excerpt":{"rendered":"<p>Exp\u00e9dition gratuite aux \u00c9tats-Unis | 2-5 jours de livraison.<\/p>","protected":false},"featured_media":2210,"comment_status":"open","ping_status":"closed","template":"","meta":{"site-sidebar-layout":"default","site-content-layout":"default","ast-global-header-display":"","ast-banner-title-visibility":"","ast-main-header-display":"","ast-hfb-above-header-display":"","ast-hfb-below-header-display":"","ast-hfb-mobile-header-display":"","site-post-title":"","ast-breadcrumbs-content":"","ast-featured-img":"","footer-sml-layout":"","theme-transparent-header-meta":"default","adv-header-id-meta":"","stick-header-meta":"default","header-above-stick-meta":"","header-main-stick-meta":"","header-below-stick-meta":""},"product_cat":[21,37],"product_tag":[142,141],"class_list":{"0":"post-1288","1":"product","2":"type-product","3":"status-publish","4":"has-post-thumbnail","6":"product_cat-all","7":"product_cat-tabletop-8-centerpieces","8":"product_tag-candelabra","9":"product_tag-candle-holder","10":"desktop-align-left","11":"tablet-align-left","12":"mobile-align-left","14":"first","15":"instock","16":"sale","17":"taxable","18":"shipping-taxable","19":"purchasable","20":"product-type-simple"},"jetpack_sharing_enabled":true,"_links":{"self":[{"href":"https:\/\/partydecordelight.com\/fr\/wp-json\/wp\/v2\/product\/1288","targetHints":{"allow":["GET"]}}],"collection":[{"href":"https:\/\/partydecordelight.com\/fr\/wp-json\/wp\/v2\/product"}],"about":[{"href":"https:\/\/partydecordelight.com\/fr\/wp-json\/wp\/v2\/types\/product"}],"replies":[{"embeddable":true,"href":"https:\/\/partydecordelight.com\/fr\/wp-json\/wp\/v2\/comments?post=1288"}],"version-history":[{"count":4,"href":"https:\/\/partydecordelight.com\/fr\/wp-json\/wp\/v2\/product\/1288\/revisions"}],"predecessor-version":[{"id":2211,"href":"https:\/\/partydecordelight.com\/fr\/wp-json\/wp\/v2\/product\/1288\/revisions\/2211"}],"wp:featuredmedia":[{"embeddable":true,"href":"https:\/\/partydecordelight.com\/fr\/wp-json\/wp\/v2\/media\/2210"}],"wp:attachment":[{"href":"https:\/\/partydecordelight.com\/fr\/wp-json\/wp\/v2\/media?parent=1288"}],"wp:term":[{"taxonomy":"product_cat","embeddable":true,"href":"https:\/\/partydecordelight.com\/fr\/wp-json\/wp\/v2\/product_cat?post=1288"},{"taxonomy":"product_tag","embeddable":true,"href":"https:\/\/partydecordelight.com\/fr\/wp-json\/wp\/v2\/product_tag?post=1288"}],"curies":[{"name":"wp","href":"https:\/\/api.w.org\/{rel}","templated":true}]}}