{"id":1289,"date":"2024-06-29T13:49:23","date_gmt":"2024-06-29T05:49:23","guid":{"rendered":"https:\/\/partydecordelight.com\/product\/5pcs-crystal-metal-10-arms-candle-holder-pendant-candlestick-for-party-decor\/"},"modified":"2024-07-15T10:14:33","modified_gmt":"2024-07-15T02:14:33","slug":"5pcs-crystal-metal-10-arms-candle-holder-pendant-candlestick-for-party-decor","status":"publish","type":"product","link":"https:\/\/partydecordelight.com\/fr\/product\/5pcs-crystal-metal-10-arms-candle-holder-pendant-candlestick-for-party-decor\/","title":{"rendered":"5Pcs | Bougeoir \u00e0 10 bras en m\u00e9tal et cristal | Bougeoir suspendu | Chandelier | Centre de table pour la d\u00e9coration d'\u00e9v\u00e9nements"},"content":{"rendered":"<p>Ce magnifique chandelier \u00e0 10 branches en m\u00e9tal et cristal est l'accessoire parfait pour ajouter une touche d'\u00e9l\u00e9gance \u00e0 tout \u00e9v\u00e9nement. Le design complexe et les accents de cristal cr\u00e9ent une pi\u00e8ce accrocheuse qui sera la pi\u00e8ce ma\u00eetresse de n'importe quelle f\u00eate. Il ne manquera pas de faire sensation et d'animer la pi\u00e8ce gr\u00e2ce \u00e0 sa lumi\u00e8re \u00e9tincelante. Parfait pour toute occasion sp\u00e9ciale, ce bougeoir laissera \u00e0 coup s\u00fbr une impression durable.<\/p>\n<p><strong>Sp\u00e9cification :<\/strong><\/p>\n<p>Paquet : 5 pi\u00e8ces par set<\/p>\n<p>Mati\u00e8re : M\u00e9tal et cristal<\/p>\n<p>Taille :  Diam\u00e8tre de la base : 11\u2033<\/p>\n<p>Hauteur : 45.3\u2033.<\/p>\n<p>Largeur : 21.7\u2033.<\/p>\n<p>Dimensions de l'emballage : 25\u2033X14\u2033X12\u2033<\/p>\n<p>Taille de la bougie : moins de 0,98 pouce (la bougie n'est pas incluse)<\/p>\n<p>Assemblage requis : Oui<\/p>\n<p>Occasion : Mariage, f\u00eate de b\u00e9b\u00e9, ou toute autre f\u00eate, maison, jardin<\/p>\n<p>Couleur : or<\/p>\n<p><strong>Toutes les tailles sont des mesures approximatives.<\/strong><br \/>\n<a href=\"https:\/\/youtu.be\/CiVAc2w7n_o\" target=\"_blank\" rel=\"noopener\"><strong>Cliquez pour<\/strong><\/a><strong> <a href=\"https:\/\/youtu.be\/8rOd_c20yq8\">Instructions pour l'assemblage de<\/a><\/strong><a href=\"https:\/\/youtu.be\/CiVAc2w7n_o\" target=\"_blank\" rel=\"noopener\"><strong>\u00a0cette\u00a0<\/strong><\/a>article.<\/p>","protected":false},"excerpt":{"rendered":"<p>Exp\u00e9dition gratuite aux \u00c9tats-Unis | 2-5 jours de livraison.<\/p>","protected":false},"featured_media":1895,"comment_status":"open","ping_status":"closed","template":"","meta":{"site-sidebar-layout":"default","site-content-layout":"default","ast-global-header-display":"","ast-banner-title-visibility":"","ast-main-header-display":"","ast-hfb-above-header-display":"","ast-hfb-below-header-display":"","ast-hfb-mobile-header-display":"","site-post-title":"","ast-breadcrumbs-content":"","ast-featured-img":"","footer-sml-layout":"","theme-transparent-header-meta":"default","adv-header-id-meta":"","stick-header-meta":"default","header-above-stick-meta":"","header-main-stick-meta":"","header-below-stick-meta":""},"product_cat":[21,37],"product_tag":[],"class_list":{"0":"post-1289","1":"product","2":"type-product","3":"status-publish","4":"has-post-thumbnail","6":"product_cat-all","7":"product_cat-tabletop-8-centerpieces","8":"desktop-align-left","9":"tablet-align-left","10":"mobile-align-left","12":"first","13":"instock","14":"sale","15":"taxable","16":"shipping-taxable","17":"purchasable","18":"product-type-simple"},"jetpack_sharing_enabled":true,"_links":{"self":[{"href":"https:\/\/partydecordelight.com\/fr\/wp-json\/wp\/v2\/product\/1289","targetHints":{"allow":["GET"]}}],"collection":[{"href":"https:\/\/partydecordelight.com\/fr\/wp-json\/wp\/v2\/product"}],"about":[{"href":"https:\/\/partydecordelight.com\/fr\/wp-json\/wp\/v2\/types\/product"}],"replies":[{"embeddable":true,"href":"https:\/\/partydecordelight.com\/fr\/wp-json\/wp\/v2\/comments?post=1289"}],"version-history":[{"count":2,"href":"https:\/\/partydecordelight.com\/fr\/wp-json\/wp\/v2\/product\/1289\/revisions"}],"predecessor-version":[{"id":1897,"href":"https:\/\/partydecordelight.com\/fr\/wp-json\/wp\/v2\/product\/1289\/revisions\/1897"}],"wp:featuredmedia":[{"embeddable":true,"href":"https:\/\/partydecordelight.com\/fr\/wp-json\/wp\/v2\/media\/1895"}],"wp:attachment":[{"href":"https:\/\/partydecordelight.com\/fr\/wp-json\/wp\/v2\/media?parent=1289"}],"wp:term":[{"taxonomy":"product_cat","embeddable":true,"href":"https:\/\/partydecordelight.com\/fr\/wp-json\/wp\/v2\/product_cat?post=1289"},{"taxonomy":"product_tag","embeddable":true,"href":"https:\/\/partydecordelight.com\/fr\/wp-json\/wp\/v2\/product_tag?post=1289"}],"curies":[{"name":"wp","href":"https:\/\/api.w.org\/{rel}","templated":true}]}}