{"id":1302,"date":"2024-06-29T13:49:29","date_gmt":"2024-06-29T05:49:29","guid":{"rendered":"https:\/\/partydecordelight.com\/product\/fancy-blue-shimmer-wall-backdrop-sequins-self-locking-panels\/"},"modified":"2025-04-05T22:17:42","modified_gmt":"2025-04-06T03:17:42","slug":"fancy-blue-shimmer-wall-backdrop-sequins-self-locking-panels","status":"publish","type":"product","link":"https:\/\/partydecordelight.com\/fr\/product\/fancy-blue-shimmer-wall-backdrop-sequins-self-locking-panels\/","title":{"rendered":"Toile de fond murale fantaisie bleue paillettes auto-bloquantes panneaux"},"content":{"rendered":"<p>1. Ces panneaux muraux scintillants sont orn\u00e9s de paillettes chatoyantes, ajoutant une touche d'\u00e9clat et d'\u00e9l\u00e9gance \u00e0 toute occasion.<br \/>\n2. Ils sont con\u00e7us pour \u00eatre autobloquants, ce qui permet une installation rapide et sans probl\u00e8me.<\/p>\n<p>3. Gr\u00e2ce \u00e0 leur capacit\u00e9 \u00e0 capter et \u00e0 refl\u00e9ter la lumi\u00e8re, ces panneaux cr\u00e9ent un effet visuel \u00e9poustouflant qui rehausse l'atmosph\u00e8re et ajoute une touche de luxe aux mariages, f\u00eates, s\u00e9ances photo et autres \u00e9v\u00e9nements sp\u00e9ciaux.<br \/>\n4. La toile de fond murale Shimmer Wall Backdrop Sequins Self-Locking Panels est un excellent choix pour ceux qui recherchent une solution de toile de fond glamour et accrocheuse.<\/p>\n<p>&nbsp;<\/p>\n<p><strong>Sp\u00e9cification :<\/strong><br \/>\nTaille : La taille de chaque panneau est de 12\u2033X12\u2033.<br \/>\n36 panneaux permettent de cr\u00e9er un mur d'images de 6FTX6FT<br \/>\n49 panneaux permettent de cr\u00e9er un mur chatoyant de 7FTX7FT<br \/>\n64 panneaux permettent de cr\u00e9er un mur d'images de 8FTX8FT<br \/>\nCouleur : Bleu fantaisie<br \/>\nTous les produits de couleur miroir sont brillants. Tous les produits de couleur fantaisie r\u00e9fractent diff\u00e9rentes couleurs fantaisie.<br \/>\nOccasion : Mariage, f\u00eate de b\u00e9b\u00e9, ou toute autre f\u00eate, maison, jardin<br \/>\nToutes les tailles sont des mesures approximatives et les couleurs peuvent varier en fonction de l'affichage.<\/p>\n<p><strong>Mots-cl\u00e9s :<\/strong><br \/>\nPC (Polycarbonate) Grid Clip Shimmer Wall, design innovant, installation facile, effet chatoyant, l\u00e9ger, durable, utilisation polyvalente, PC de qualit\u00e9 sup\u00e9rieure, d\u00e9corations d'\u00e9v\u00e9nements, choix de l'organisateur d'\u00e9v\u00e9nements.<\/p>","protected":false},"excerpt":{"rendered":"<p>Exp\u00e9dition gratuite aux \u00c9tats-Unis | 2-5 jours de livraison.<\/p>","protected":false},"featured_media":1745,"comment_status":"open","ping_status":"closed","template":"","meta":{"site-sidebar-layout":"default","site-content-layout":"default","ast-global-header-display":"","ast-banner-title-visibility":"","ast-main-header-display":"","ast-hfb-above-header-display":"","ast-hfb-below-header-display":"","ast-hfb-mobile-header-display":"","site-post-title":"","ast-breadcrumbs-content":"","ast-featured-img":"","footer-sml-layout":"","theme-transparent-header-meta":"default","adv-header-id-meta":"","stick-header-meta":"default","header-above-stick-meta":"","header-main-stick-meta":"","header-below-stick-meta":""},"product_cat":[21,38],"product_tag":[63,123,118,117,124],"class_list":{"0":"post-1302","1":"product","2":"type-product","3":"status-publish","4":"has-post-thumbnail","6":"product_cat-all","7":"product_cat-shimmer-wall","8":"product_tag-backdrop","9":"product_tag-sequin-wall-backdrop","10":"product_tag-shimmer-panel","11":"product_tag-shimmer-wall","12":"product_tag-shimmer-wall-panels","13":"desktop-align-left","14":"tablet-align-left","15":"mobile-align-left","17":"first","18":"instock","19":"sale","20":"taxable","21":"shipping-taxable","22":"purchasable","23":"product-type-variable"},"jetpack_sharing_enabled":true,"_links":{"self":[{"href":"https:\/\/partydecordelight.com\/fr\/wp-json\/wp\/v2\/product\/1302","targetHints":{"allow":["GET"]}}],"collection":[{"href":"https:\/\/partydecordelight.com\/fr\/wp-json\/wp\/v2\/product"}],"about":[{"href":"https:\/\/partydecordelight.com\/fr\/wp-json\/wp\/v2\/types\/product"}],"replies":[{"embeddable":true,"href":"https:\/\/partydecordelight.com\/fr\/wp-json\/wp\/v2\/comments?post=1302"}],"version-history":[{"count":2,"href":"https:\/\/partydecordelight.com\/fr\/wp-json\/wp\/v2\/product\/1302\/revisions"}],"predecessor-version":[{"id":1764,"href":"https:\/\/partydecordelight.com\/fr\/wp-json\/wp\/v2\/product\/1302\/revisions\/1764"}],"wp:featuredmedia":[{"embeddable":true,"href":"https:\/\/partydecordelight.com\/fr\/wp-json\/wp\/v2\/media\/1745"}],"wp:attachment":[{"href":"https:\/\/partydecordelight.com\/fr\/wp-json\/wp\/v2\/media?parent=1302"}],"wp:term":[{"taxonomy":"product_cat","embeddable":true,"href":"https:\/\/partydecordelight.com\/fr\/wp-json\/wp\/v2\/product_cat?post=1302"},{"taxonomy":"product_tag","embeddable":true,"href":"https:\/\/partydecordelight.com\/fr\/wp-json\/wp\/v2\/product_tag?post=1302"}],"curies":[{"name":"wp","href":"https:\/\/api.w.org\/{rel}","templated":true}]}}