{"id":1312,"date":"2024-06-29T13:49:31","date_gmt":"2024-06-29T05:49:31","guid":{"rendered":"https:\/\/partydecordelight.com\/product\/fancy-pink-shimmer-wall-backdrop-sequins-self-locking-panels\/"},"modified":"2024-07-14T07:07:38","modified_gmt":"2024-07-13T23:07:38","slug":"fancy-pink-shimmer-wall-backdrop-sequins-self-locking-panels","status":"publish","type":"product","link":"https:\/\/partydecordelight.com\/fr\/product\/fancy-pink-shimmer-wall-backdrop-sequins-self-locking-panels\/","title":{"rendered":"Mur fantaisie rose et or scintillant, am\u00e9lior\u00e9 avec un cadre de base en PC, toile de fond scintillante, toile de fond murale \u00e0 paillettes, panneaux muraux scintillants"},"content":{"rendered":"<p><strong>Sp\u00e9cification :<\/strong><br \/>\nTaille : La taille de chaque panneau est de 12\u2033X12\u2033.<br \/>\n36 panneaux permettent de cr\u00e9er un mur d'images de 6FTX6FT<br \/>\n49 panneaux permettent de cr\u00e9er un mur chatoyant de 7FTX7FT<br \/>\n64 panneaux permettent de cr\u00e9er un mur d'images de 8FTX8FT<br \/>\nCouleur : rose fantaisie<br \/>\nTous les produits de couleur miroir sont brillants. Tous les produits de couleur fantaisie r\u00e9fractent diff\u00e9rentes couleurs fantaisie.<br \/>\nOccasion : Mariage, f\u00eate de b\u00e9b\u00e9, ou toute autre f\u00eate, maison, jardin<br \/>\nToutes les tailles sont des mesures approximatives et les couleurs peuvent varier en fonction de l'affichage.<\/p>\n<p>Nous vous pr\u00e9sentons nos superbes paillettes roses fantaisie pour toile de fond murale - rehaussez votre \u00e9v\u00e9nement avec \u00e9l\u00e9gance et glamour !<\/p>\n<p>\u2728 **Add a Touch of Glamour with Fancy Pink Shimmer Wall Backdrop Sequins!** \u2728 **Add a Touch of Glamour with Fancy Pink Shimmer Wall Backdrop Sequins!** \u2728<\/p>\n<p>Transformez vos occasions sp\u00e9ciales en exp\u00e9riences inoubliables gr\u00e2ce \u00e0 l'allure captivante de nos paillettes de fond de mur rose fantaisie. Qu'il s'agisse d'un mariage, d'une f\u00eate d'anniversaire, d'une f\u00eate nuptiale ou de tout autre \u00e9v\u00e9nement m\u00e9ritant une touche de sophistication, ces panneaux autobloquants seront la toile de fond qui volera la vedette.<\/p>\n<p>**Caract\u00e9ristiques principales:**<\/p>\n<p>\ud83d\udc96 **Paillettes roses fantaisie exquises:** Notre toile de fond murale scintillante est orn\u00e9e de paillettes roses fantaisie de premi\u00e8re qualit\u00e9 qui rayonnent d'\u00e9l\u00e9gance et ajoutent une touche de luxe \u00e0 votre \u00e9v\u00e9nement.<\/p>\n<p>\ud83d\udd12 **Panneaux \u00e0 verrouillage automatique sans effort:** Dites adieu aux installations complexes ! Nos panneaux sont dot\u00e9s d'un m\u00e9canisme unique d'auto-verrouillage, ce qui fait de l'assemblage un jeu d'enfant. Pas besoin d'outils ou de clips suppl\u00e9mentaires - il suffit d'embo\u00eeter les panneaux sans effort.<\/p>\n<p>\ud83c\udf89 **Versatile et r\u00e9utilisable:** Con\u00e7ues pour de multiples utilisations, ces toiles de fond murales scintillantes sont id\u00e9ales pour les mariages, les f\u00eates, les photomatons et bien plus encore. Apr\u00e8s l'\u00e9v\u00e9nement, d\u00e9montez-les et rangez-les pour de futures c\u00e9l\u00e9brations.<\/p>\n<p>\ud83d\udcf8 **Photographie Brilliance:** Cr\u00e9ez des opportunit\u00e9s de photos \u00e9poustouflantes pour vous et vos invit\u00e9s. Regardez les paillettes roses fantaisie transformer chaque clich\u00e9 en \u0153uvre d'art.<\/p>\n<p>\ud83e\uddfd **Entretien facile:** Des accidents peuvent survenir, mais notre mur scintillant est facile \u00e0 nettoyer et \u00e0 entretenir, ce qui garantit qu'il continue \u00e0 briller de mille feux \u00e9v\u00e9nement apr\u00e8s \u00e9v\u00e9nement.<\/p>\n<p>**Taille personnalisable:** Adaptez la toile de fond \u00e0 votre espace. Ajoutez ou retirez des panneaux pour obtenir la largeur et la hauteur souhait\u00e9es, en vous adaptant sans effort \u00e0 n'importe quel lieu.<\/p>\n<p>\ud83d\udc51 **\u00c9levez votre \u00e9v\u00e9nement:** Laissez une impression durable avec une toile de fond \u00e9l\u00e9gante et sophistiqu\u00e9e qui rehausse l'ambiance de votre c\u00e9l\u00e9bration.<\/p>\n<p>\u2728 **Dazzle and Delight:** Impressionnez vos invit\u00e9s avec l'attrait des paillettes roses fantaisie, \u00e9levant votre \u00e9v\u00e9nement \u00e0 un niveau de sophistication et de glamour.<\/p>\n<p>Que vous organisiez un mariage de conte de f\u00e9es, une soir\u00e9e chic ou une s\u00e9ance photo fantaisiste, nos paillettes fantaisie rose Shimmer Wall Backdrop donneront vie \u00e0 votre vision d'une mani\u00e8re \u00e9blouissante. Faites briller votre \u00e9v\u00e9nement avec sophistication - commandez le v\u00f4tre aujourd'hui et que la magie commence !<\/p>\n<p>Mots-cl\u00e9s :<br \/>\nPC (Polycarbonate) Grid Clip Shimmer Wall, design innovant, installation facile, effet chatoyant, l\u00e9ger, durable, utilisation polyvalente, PC de qualit\u00e9 sup\u00e9rieure, d\u00e9corations d'\u00e9v\u00e9nements, choix de l'organisateur d'\u00e9v\u00e9nements.<\/p>","protected":false},"excerpt":{"rendered":"<p>Exp\u00e9dition gratuite aux \u00c9tats-Unis | 2-5 jours de livraison.<\/p>","protected":false},"featured_media":1773,"comment_status":"open","ping_status":"closed","template":"","meta":{"site-sidebar-layout":"default","site-content-layout":"default","ast-global-header-display":"","ast-banner-title-visibility":"","ast-main-header-display":"","ast-hfb-above-header-display":"","ast-hfb-below-header-display":"","ast-hfb-mobile-header-display":"","site-post-title":"","ast-breadcrumbs-content":"","ast-featured-img":"","footer-sml-layout":"","theme-transparent-header-meta":"default","adv-header-id-meta":"","stick-header-meta":"default","header-above-stick-meta":"","header-main-stick-meta":"","header-below-stick-meta":""},"product_cat":[21,38],"product_tag":[123,119,122,118,117],"class_list":{"0":"post-1312","1":"product","2":"type-product","3":"status-publish","4":"has-post-thumbnail","6":"product_cat-all","7":"product_cat-shimmer-wall","8":"product_tag-sequin-wall-backdrop","9":"product_tag-shimmer","10":"product_tag-shimmer-backdrop","11":"product_tag-shimmer-panel","12":"product_tag-shimmer-wall","13":"desktop-align-left","14":"tablet-align-left","15":"mobile-align-left","17":"first","18":"instock","19":"sale","20":"taxable","21":"shipping-taxable","22":"purchasable","23":"product-type-variable"},"jetpack_sharing_enabled":true,"_links":{"self":[{"href":"https:\/\/partydecordelight.com\/fr\/wp-json\/wp\/v2\/product\/1312","targetHints":{"allow":["GET"]}}],"collection":[{"href":"https:\/\/partydecordelight.com\/fr\/wp-json\/wp\/v2\/product"}],"about":[{"href":"https:\/\/partydecordelight.com\/fr\/wp-json\/wp\/v2\/types\/product"}],"replies":[{"embeddable":true,"href":"https:\/\/partydecordelight.com\/fr\/wp-json\/wp\/v2\/comments?post=1312"}],"version-history":[{"count":2,"href":"https:\/\/partydecordelight.com\/fr\/wp-json\/wp\/v2\/product\/1312\/revisions"}],"predecessor-version":[{"id":1774,"href":"https:\/\/partydecordelight.com\/fr\/wp-json\/wp\/v2\/product\/1312\/revisions\/1774"}],"wp:featuredmedia":[{"embeddable":true,"href":"https:\/\/partydecordelight.com\/fr\/wp-json\/wp\/v2\/media\/1773"}],"wp:attachment":[{"href":"https:\/\/partydecordelight.com\/fr\/wp-json\/wp\/v2\/media?parent=1312"}],"wp:term":[{"taxonomy":"product_cat","embeddable":true,"href":"https:\/\/partydecordelight.com\/fr\/wp-json\/wp\/v2\/product_cat?post=1312"},{"taxonomy":"product_tag","embeddable":true,"href":"https:\/\/partydecordelight.com\/fr\/wp-json\/wp\/v2\/product_tag?post=1312"}],"curies":[{"name":"wp","href":"https:\/\/api.w.org\/{rel}","templated":true}]}}