{"id":1320,"date":"2024-06-29T13:49:33","date_gmt":"2024-06-29T05:49:33","guid":{"rendered":"https:\/\/partydecordelight.com\/product\/pre-order-mirror-silver-shimmer-wall-backdrop-sequins-self-locking-panels\/"},"modified":"2024-07-21T12:29:43","modified_gmt":"2024-07-21T04:29:43","slug":"pre-order-mirror-silver-shimmer-wall-backdrop-sequins-self-locking-panels","status":"publish","type":"product","link":"https:\/\/partydecordelight.com\/fr\/product\/pre-order-mirror-silver-shimmer-wall-backdrop-sequins-self-locking-panels\/","title":{"rendered":"Miroir argent\u00e9 mur scintillant, am\u00e9lior\u00e9 avec un cadre de base de grille PC, toile de fond scintillante, toile de fond murale \u00e0 paillettes, panneaux muraux scintillants"},"content":{"rendered":"<p>Sp\u00e9cification :<br \/>\nTaille : La taille de chaque panneau est de 12\u2033X12\u2033.<br \/>\n36 panneaux permettent de cr\u00e9er un mur d'images de 6FTX6FT<br \/>\n49 panneaux permettent de cr\u00e9er un mur chatoyant de 7FTX7FT<br \/>\n64 panneaux permettent de cr\u00e9er un mur d'images de 8FTX8FT<br \/>\nCouleur : argent miroir<br \/>\nTous les produits de couleur miroir sont brillants. Tous les produits de couleur fantaisie r\u00e9fractent diff\u00e9rentes couleurs fantaisie.<br \/>\nOccasion : Mariage, f\u00eate de b\u00e9b\u00e9, ou toute autre f\u00eate, maison, jardin<br \/>\nToutes les tailles sont des mesures approximatives et les couleurs peuvent varier en fonction de l'affichage.<\/p>\n<p>&nbsp;<\/p>\n<p>Voici nos paillettes \u00e9blouissantes de miroir argent\u00e9 pour toile de fond murale - \u00c9levez votre \u00e9v\u00e9nement avec \u00e9l\u00e9gance et glamour !<\/p>\n<p>\u2728 **Sparkle and Shine with Mirror Silver Shimmer Wall Backdrops!** \u2728 \u2728<\/p>\n<p>Transformez vos moments sp\u00e9ciaux en exp\u00e9riences inoubliables gr\u00e2ce \u00e0 l'allure enchanteresse de nos paillettes de fond de mur miroir argent\u00e9. Qu'il s'agisse d'un mariage, d'un anniversaire, d'une f\u00eate pr\u00e9natale ou de tout autre \u00e9v\u00e9nement m\u00e9ritant d'\u00eatre mis en lumi\u00e8re, ces panneaux autobloquants mettront en sc\u00e8ne le glamour et la sophistication.<\/p>\n<p>**Caract\u00e9ristiques principales:**<\/p>\n<p>\ud83d\udcab **Mesmerizing Mirror Silver Sequins:** Notre toile de fond murale scintillante est orn\u00e9e de paillettes argent\u00e9es miroir de haute qualit\u00e9 qui attrapent et refl\u00e8tent magnifiquement la lumi\u00e8re, ajoutant une touche de luxe \u00e0 votre \u00e9v\u00e9nement.<\/p>\n<p>\ud83d\udd12 **Panneaux autobloquants:** Dites adieu \u00e0 l'assemblage fastidieux ! Nos panneaux sont dot\u00e9s d'un m\u00e9canisme unique d'auto-verrouillage qui fait de l'installation un jeu d'enfant. Pas besoin d'outils ou de clips suppl\u00e9mentaires - il suffit d'embo\u00eeter les panneaux sans effort.<\/p>\n<p>\ud83c\udf89 **Versatile et r\u00e9utilisable:** Con\u00e7ues pour de multiples utilisations, ces toiles de fond murales scintillantes sont parfaites pour les mariages, les f\u00eates, les photomatons et bien plus encore. Apr\u00e8s l'\u00e9v\u00e9nement, d\u00e9montez-les et rangez-les pour de futures c\u00e9l\u00e9brations.<\/p>\n<p>\ud83d\udcf8 **Photographie parfaite:** Cr\u00e9ez des opportunit\u00e9s de photos \u00e9poustouflantes pour vous et vos invit\u00e9s. Regardez les paillettes argent\u00e9es miroir transformer chaque clich\u00e9 en chef-d'\u0153uvre.<\/p>\n<p>\ud83e\uddfd **Facile \u00e0 nettoyer:** Les accidents arrivent, mais notre mur d'images est facile \u00e0 nettoyer et \u00e0 entretenir, ce qui lui permet de continuer \u00e0 briller de tous ses feux, \u00e9v\u00e9nement apr\u00e8s \u00e9v\u00e9nement.<\/p>\n<p>**Taille personnalisable:** Adaptez la toile de fond \u00e0 votre espace. Ajoutez ou enlevez des panneaux pour obtenir la largeur et la hauteur souhait\u00e9es, s'adaptant ainsi \u00e0 n'importe quel lieu.<\/p>\n<p>\ud83d\udc51 **\u00c9levez votre \u00e9v\u00e9nement:** Faites une impression durable avec une toile de fond \u00e9l\u00e9gante et sophistiqu\u00e9e qui rehausse l'ambiance de votre c\u00e9l\u00e9bration.<\/p>\n<p>\u2728 **\u00c9blouir et impressionner:** \u00c9patez vos invit\u00e9s avec l'attrait des paillettes argent\u00e9es miroir, \u00e9levant votre \u00e9v\u00e9nement \u00e0 un tout nouveau niveau de sophistication.<\/p>\n<p>Que vous organisiez un mariage de r\u00eave, une f\u00eate glamour ou une s\u00e9ance photo m\u00e9morable, nos paillettes de fond miroirs argent\u00e9s transformeront votre vision en une r\u00e9alit\u00e9 \u00e9tincelante. Faites briller votre \u00e9v\u00e9nement - commandez le v\u00f4tre d\u00e8s aujourd'hui et laissez la magie op\u00e9rer !<\/p>\n<p>[Party Decor Delight] - Faire briller chaque instant ! \u2728<\/p>\n<p>Mots-cl\u00e9s :<br \/>\nPC (Polycarbonate) Grid Clip Shimmer Wall, design innovant, installation facile, effet chatoyant, l\u00e9ger, durable, utilisation polyvalente, PC de qualit\u00e9 sup\u00e9rieure, d\u00e9corations d'\u00e9v\u00e9nements, choix de l'organisateur d'\u00e9v\u00e9nements.<\/p>\n<p>&nbsp;<\/p>","protected":false},"excerpt":{"rendered":"<p>Exp\u00e9dition gratuite aux \u00c9tats-Unis | 2-5 jours de livraison.<\/p>","protected":false},"featured_media":1781,"comment_status":"open","ping_status":"closed","template":"","meta":{"site-sidebar-layout":"default","site-content-layout":"default","ast-global-header-display":"","ast-banner-title-visibility":"","ast-main-header-display":"","ast-hfb-above-header-display":"","ast-hfb-below-header-display":"","ast-hfb-mobile-header-display":"","site-post-title":"","ast-breadcrumbs-content":"","ast-featured-img":"","footer-sml-layout":"","theme-transparent-header-meta":"default","adv-header-id-meta":"","stick-header-meta":"default","header-above-stick-meta":"","header-main-stick-meta":"","header-below-stick-meta":""},"product_cat":[21,38],"product_tag":[119,122,118,117],"class_list":{"0":"post-1320","1":"product","2":"type-product","3":"status-publish","4":"has-post-thumbnail","6":"product_cat-all","7":"product_cat-shimmer-wall","8":"product_tag-shimmer","9":"product_tag-shimmer-backdrop","10":"product_tag-shimmer-panel","11":"product_tag-shimmer-wall","12":"desktop-align-left","13":"tablet-align-left","14":"mobile-align-left","16":"first","17":"instock","18":"sale","19":"taxable","20":"shipping-taxable","21":"purchasable","22":"product-type-variable"},"jetpack_sharing_enabled":true,"_links":{"self":[{"href":"https:\/\/partydecordelight.com\/fr\/wp-json\/wp\/v2\/product\/1320","targetHints":{"allow":["GET"]}}],"collection":[{"href":"https:\/\/partydecordelight.com\/fr\/wp-json\/wp\/v2\/product"}],"about":[{"href":"https:\/\/partydecordelight.com\/fr\/wp-json\/wp\/v2\/types\/product"}],"replies":[{"embeddable":true,"href":"https:\/\/partydecordelight.com\/fr\/wp-json\/wp\/v2\/comments?post=1320"}],"version-history":[{"count":2,"href":"https:\/\/partydecordelight.com\/fr\/wp-json\/wp\/v2\/product\/1320\/revisions"}],"predecessor-version":[{"id":1782,"href":"https:\/\/partydecordelight.com\/fr\/wp-json\/wp\/v2\/product\/1320\/revisions\/1782"}],"wp:featuredmedia":[{"embeddable":true,"href":"https:\/\/partydecordelight.com\/fr\/wp-json\/wp\/v2\/media\/1781"}],"wp:attachment":[{"href":"https:\/\/partydecordelight.com\/fr\/wp-json\/wp\/v2\/media?parent=1320"}],"wp:term":[{"taxonomy":"product_cat","embeddable":true,"href":"https:\/\/partydecordelight.com\/fr\/wp-json\/wp\/v2\/product_cat?post=1320"},{"taxonomy":"product_tag","embeddable":true,"href":"https:\/\/partydecordelight.com\/fr\/wp-json\/wp\/v2\/product_tag?post=1320"}],"curies":[{"name":"wp","href":"https:\/\/api.w.org\/{rel}","templated":true}]}}