{"id":1326,"date":"2024-06-29T13:49:35","date_gmt":"2024-06-29T05:49:35","guid":{"rendered":"https:\/\/partydecordelight.com\/product\/3pcs-set-covers-for-round-chiara-backdrop-stand-walls\/"},"modified":"2024-07-21T12:21:54","modified_gmt":"2024-07-21T04:21:54","slug":"3pcs-set-covers-for-round-chiara-backdrop-stand-walls","status":"publish","type":"product","link":"https:\/\/partydecordelight.com\/fr\/product\/3pcs-set-covers-for-round-chiara-backdrop-stand-walls\/","title":{"rendered":"3 Couvertures en tissu double face avec fermeture \u00e0 glissi\u00e8re pour les supports de toile de fond arqu\u00e9s de mariage et les stands de fleurs"},"content":{"rendered":"<p>Les 3Pcs\/Set Covers for Round Chiara Backdrop Stand Walls comprennent trois housses qui sont fabriqu\u00e9es sur mesure pour s'adapter parfaitement au support. Ces housses offrent polyvalence et style, vous permettant de changer sans effort l'apparence de votre toile de fond pour divers \u00e9v\u00e9nements. Disponibles dans une gamme de couleurs, de motifs et de finitions, elles offrent des options adapt\u00e9es au th\u00e8me ou \u00e0 l'esth\u00e9tique de votre choix.<\/p>\n<p>Gr\u00e2ce \u00e0 ces housses, vous pouvez transformer sans effort votre support de toile de fond en une pi\u00e8ce ma\u00eetresse qui attire l'attention. Qu'il s'agisse d'un mariage, d'une f\u00eate ou d'une s\u00e9ance photo, ces housses permettent de cr\u00e9er une toile de fond attrayante qui am\u00e9liore l'ambiance g\u00e9n\u00e9rale et ajoute une touche \u00e9l\u00e9gante \u00e0 votre \u00e9v\u00e9nement.<\/p>\n<p>&nbsp;<\/p>\n<p><strong>Sp\u00e9cification :<\/strong><\/p>\n<p>Paquet : Un jeu de housses pour 3Pcs\/Set de la toile de fond ronde Chiara Stand Walls<\/p>\n<p>Mat\u00e9riau : Tissu en fibre de lait<\/p>\n<p>Couleur : blanc, p\u00e2te de haricot clair, violet, caf\u00e9, bleu clair, noir<\/p>\n<p>Occasion : Mariage, f\u00eate de b\u00e9b\u00e9, ou toute autre f\u00eate, maison, jardin<\/p>\n<p><strong>Toutes les tailles sont des mesures approximatives.<\/strong><\/p>\n<p>Mots-cl\u00e9s :<br \/>\nSupport de toile de fond arqu\u00e9e, housses en tissu double face, support d'arche de mariage, support d'arche de toile de fond de f\u00eate, fait \u00e0 la main, exp\u00e9di\u00e9 du Texas, alliage d'aluminium, polyester.<\/p>","protected":false},"excerpt":{"rendered":"<p>Exp\u00e9dition gratuite aux \u00c9tats-Unis | 2-5 jours de livraison.<\/p>","protected":false},"featured_media":2169,"comment_status":"open","ping_status":"closed","template":"","meta":{"site-sidebar-layout":"default","site-content-layout":"default","ast-global-header-display":"","ast-banner-title-visibility":"","ast-main-header-display":"","ast-hfb-above-header-display":"","ast-hfb-below-header-display":"","ast-hfb-mobile-header-display":"","site-post-title":"","ast-breadcrumbs-content":"","ast-featured-img":"","footer-sml-layout":"","theme-transparent-header-meta":"default","adv-header-id-meta":"","stick-header-meta":"default","header-above-stick-meta":"","header-main-stick-meta":"","header-below-stick-meta":""},"product_cat":[21,35],"product_tag":[157],"class_list":{"0":"post-1326","1":"product","2":"type-product","3":"status-publish","4":"has-post-thumbnail","6":"product_cat-all","7":"product_cat-covers","8":"product_tag-round-stand-cover","9":"desktop-align-left","10":"tablet-align-left","11":"mobile-align-left","13":"first","14":"instock","15":"sale","16":"taxable","17":"shipping-taxable","18":"purchasable","19":"product-type-variable"},"jetpack_sharing_enabled":true,"_links":{"self":[{"href":"https:\/\/partydecordelight.com\/fr\/wp-json\/wp\/v2\/product\/1326","targetHints":{"allow":["GET"]}}],"collection":[{"href":"https:\/\/partydecordelight.com\/fr\/wp-json\/wp\/v2\/product"}],"about":[{"href":"https:\/\/partydecordelight.com\/fr\/wp-json\/wp\/v2\/types\/product"}],"replies":[{"embeddable":true,"href":"https:\/\/partydecordelight.com\/fr\/wp-json\/wp\/v2\/comments?post=1326"}],"version-history":[{"count":2,"href":"https:\/\/partydecordelight.com\/fr\/wp-json\/wp\/v2\/product\/1326\/revisions"}],"predecessor-version":[{"id":2179,"href":"https:\/\/partydecordelight.com\/fr\/wp-json\/wp\/v2\/product\/1326\/revisions\/2179"}],"wp:featuredmedia":[{"embeddable":true,"href":"https:\/\/partydecordelight.com\/fr\/wp-json\/wp\/v2\/media\/2169"}],"wp:attachment":[{"href":"https:\/\/partydecordelight.com\/fr\/wp-json\/wp\/v2\/media?parent=1326"}],"wp:term":[{"taxonomy":"product_cat","embeddable":true,"href":"https:\/\/partydecordelight.com\/fr\/wp-json\/wp\/v2\/product_cat?post=1326"},{"taxonomy":"product_tag","embeddable":true,"href":"https:\/\/partydecordelight.com\/fr\/wp-json\/wp\/v2\/product_tag?post=1326"}],"curies":[{"name":"wp","href":"https:\/\/api.w.org\/{rel}","templated":true}]}}