{"id":1335,"date":"2024-06-29T13:49:39","date_gmt":"2024-06-29T05:49:39","guid":{"rendered":"https:\/\/partydecordelight.com\/product\/5pcs-set-bright-covers-for-metal-cylinder-stands-round-plinths-wedding-backdrop\/"},"modified":"2024-07-21T15:07:30","modified_gmt":"2024-07-21T07:07:30","slug":"5pcs-set-bright-covers-for-metal-cylinder-stands-round-plinths-wedding-backdrop","status":"publish","type":"product","link":"https:\/\/partydecordelight.com\/fr\/product\/5pcs-set-bright-covers-for-metal-cylinder-stands-round-plinths-wedding-backdrop\/","title":{"rendered":"5Pcs\/Set Bright Covers for Metal Cylinder Stands Round Plinths Wedding Backdrop (Couvertures brillantes pour supports cylindriques en m\u00e9tal, socles ronds, toile de fond de mariage)"},"content":{"rendered":"<p>Les 5Pcs\/Set Bright Covers for Metal Cylinder Stands Round Plinths Wedding Backdrop sont un ensemble de housses con\u00e7ues pour am\u00e9liorer l'impact visuel des stands cylindriques en m\u00e9tal et des socles ronds utilis\u00e9s comme toile de fond pour les mariages. Cet ensemble comprend cinq housses qui offrent un aspect vibrant et accrocheur \u00e0 vos stands. Les housses sont disponibles dans des couleurs et des finitions vives, ajoutant une atmosph\u00e8re de f\u00eate et de c\u00e9l\u00e9bration \u00e0 votre d\u00e9cor de mariage. Elles sont sp\u00e9cialement con\u00e7ues pour s'adapter aux supports cylindriques en m\u00e9tal et aux socles ronds couramment utilis\u00e9s pour les toiles de fond. Ces housses ne se contentent pas de rehausser l'attrait esth\u00e9tique, elles prot\u00e8gent \u00e9galement les supports contre les rayures et les dommages. Avant d'acheter, assurez-vous que les dimensions et les mat\u00e9riaux des housses correspondent \u00e0 vos supports. Rehaussez votre toile de fond de mariage avec ces housses lumineuses et \u00e9l\u00e9gantes pour cr\u00e9er un cadre m\u00e9morable et visuellement \u00e9blouissant pour votre journ\u00e9e sp\u00e9ciale.<\/p>\n<p>&nbsp;<\/p>\n<p><strong>Sp\u00e9cification :<\/strong><\/p>\n<p>Paquet de housses : Un jeu de housses pour 5Pcs\/Set de colonnes cylindriques en m\u00e9tal Plinthes rondes Colonnes de toile de fond de mariage<\/p>\n<p>Mat\u00e9riau :  Tissu \u00e9lastique marqu\u00e9 \u00e0 chaud<\/p>\n<p>Couleur : argent, or, rose, bleu, or<\/p>\n<p>Occasion : Mariage, f\u00eate de b\u00e9b\u00e9, ou toute autre f\u00eate, maison, jardin<\/p>\n<p><strong>Toutes les tailles sont des mesures approximatives.<\/strong><\/p>\n<p>&nbsp;<\/p>\n<p>Mots-cl\u00e9s :<br \/>\nhousses pour pr\u00e9sentoirs \u00e0 g\u00e2teaux, tissu extensible en \u00e9lasthanne, d\u00e9cor d'\u00e9v\u00e9nement, accessoires de mariage, d\u00e9cor de f\u00eate d'anniversaire, coupe ajust\u00e9e, apparence raffin\u00e9e, design polyvalent, cordon inf\u00e9rieur, am\u00e9lioration de l'\u00e9v\u00e9nement.<\/p>","protected":false},"excerpt":{"rendered":"<p>Exp\u00e9dition gratuite aux \u00c9tats-Unis | 2-5 jours de livraison.<\/p>","protected":false},"featured_media":2135,"comment_status":"open","ping_status":"closed","template":"","meta":{"site-sidebar-layout":"default","site-content-layout":"default","ast-global-header-display":"","ast-banner-title-visibility":"","ast-main-header-display":"","ast-hfb-above-header-display":"","ast-hfb-below-header-display":"","ast-hfb-mobile-header-display":"","site-post-title":"","ast-breadcrumbs-content":"","ast-featured-img":"","footer-sml-layout":"","theme-transparent-header-meta":"default","adv-header-id-meta":"","stick-header-meta":"default","header-above-stick-meta":"","header-main-stick-meta":"","header-below-stick-meta":""},"product_cat":[21,35],"product_tag":[154],"class_list":{"0":"post-1335","1":"product","2":"type-product","3":"status-publish","4":"has-post-thumbnail","6":"product_cat-all","7":"product_cat-covers","8":"product_tag-cylinder-cover","9":"desktop-align-left","10":"tablet-align-left","11":"mobile-align-left","13":"first","14":"instock","15":"sale","16":"taxable","17":"shipping-taxable","18":"purchasable","19":"product-type-variable"},"jetpack_sharing_enabled":true,"_links":{"self":[{"href":"https:\/\/partydecordelight.com\/fr\/wp-json\/wp\/v2\/product\/1335","targetHints":{"allow":["GET"]}}],"collection":[{"href":"https:\/\/partydecordelight.com\/fr\/wp-json\/wp\/v2\/product"}],"about":[{"href":"https:\/\/partydecordelight.com\/fr\/wp-json\/wp\/v2\/types\/product"}],"replies":[{"embeddable":true,"href":"https:\/\/partydecordelight.com\/fr\/wp-json\/wp\/v2\/comments?post=1335"}],"version-history":[{"count":2,"href":"https:\/\/partydecordelight.com\/fr\/wp-json\/wp\/v2\/product\/1335\/revisions"}],"predecessor-version":[{"id":2149,"href":"https:\/\/partydecordelight.com\/fr\/wp-json\/wp\/v2\/product\/1335\/revisions\/2149"}],"wp:featuredmedia":[{"embeddable":true,"href":"https:\/\/partydecordelight.com\/fr\/wp-json\/wp\/v2\/media\/2135"}],"wp:attachment":[{"href":"https:\/\/partydecordelight.com\/fr\/wp-json\/wp\/v2\/media?parent=1335"}],"wp:term":[{"taxonomy":"product_cat","embeddable":true,"href":"https:\/\/partydecordelight.com\/fr\/wp-json\/wp\/v2\/product_cat?post=1335"},{"taxonomy":"product_tag","embeddable":true,"href":"https:\/\/partydecordelight.com\/fr\/wp-json\/wp\/v2\/product_tag?post=1335"}],"curies":[{"name":"wp","href":"https:\/\/api.w.org\/{rel}","templated":true}]}}