{"id":1343,"date":"2024-06-29T13:49:41","date_gmt":"2024-06-29T05:49:41","guid":{"rendered":"https:\/\/partydecordelight.com\/product\/5pcs-set-matt-covers-for-metal-cylinder-stands-round-plinths-backdrop-stand\/"},"modified":"2024-07-21T15:06:54","modified_gmt":"2024-07-21T07:06:54","slug":"5pcs-set-matt-covers-for-metal-cylinder-stands-round-plinths-backdrop-stand","status":"publish","type":"product","link":"https:\/\/partydecordelight.com\/fr\/product\/5pcs-set-matt-covers-for-metal-cylinder-stands-round-plinths-backdrop-stand\/","title":{"rendered":"Set de 5 housses en soie de lait pour socles cylindriques de pr\u00e9sentation de g\u00e2teaux | D\u00e9corations de mariage | D\u00e9cor de f\u00eate d'anniversaire | Bas avec ficelle"},"content":{"rendered":"<p>Les 5Pcs\/Set Matt Covers for Metal Cylinder Stands Round Plinths Backdrop Stand sont un ensemble de housses con\u00e7ues pour am\u00e9liorer et prot\u00e9ger les stands cylindriques en m\u00e9tal et les socles ronds utilis\u00e9s comme supports de toile de fond. Ce set comprend cinq housses \u00e0 la finition mate et \u00e9l\u00e9gante, qui conf\u00e8rent \u00e0 vos supports un aspect moderne et \u00e9l\u00e9gant. Les housses sont compatibles avec ces types sp\u00e9cifiques de stands et de socles, les transformant en pi\u00e8ces visuellement attrayantes et cr\u00e9ant un look coh\u00e9rent. En outre, les housses offrent une protection contre les rayures et les dommages pendant le transport et l'utilisation. Veuillez vous assurer que les dimensions et les mat\u00e9riaux correspondent \u00e0 vos supports avant de proc\u00e9der \u00e0 l'achat.<\/p>\n<p>&nbsp;<\/p>\n<p><strong>Sp\u00e9cification :<\/strong><\/p>\n<p>Paquet de housses : Un jeu de housses pour 5Pcs\/Set de colonnes cylindriques en m\u00e9tal Plinthes rondes Colonnes de toile de fond de mariage<\/p>\n<p>Mat\u00e9riau : Tissu en fibre de lait<\/p>\n<p>Couleur : blanc, rose haricot clair, violet, champagne, bleu clair, noir<\/p>\n<p>Occasion : Mariage, f\u00eate de b\u00e9b\u00e9, ou toute autre f\u00eate, maison, jardin<\/p>\n<p><strong>Toutes les tailles sont des mesures approximatives.<\/strong><\/p>","protected":false},"excerpt":{"rendered":"<p><strong>Exp\u00e9dition gratuite aux \u00c9tats-Unis | 2-5 jours de livraison.<\/strong><\/p>","protected":false},"featured_media":2114,"comment_status":"open","ping_status":"closed","template":"","meta":{"site-sidebar-layout":"default","site-content-layout":"default","ast-global-header-display":"","ast-banner-title-visibility":"","ast-main-header-display":"","ast-hfb-above-header-display":"","ast-hfb-below-header-display":"","ast-hfb-mobile-header-display":"","site-post-title":"","ast-breadcrumbs-content":"","ast-featured-img":"","footer-sml-layout":"","theme-transparent-header-meta":"default","adv-header-id-meta":"","stick-header-meta":"default","header-above-stick-meta":"","header-main-stick-meta":"","header-below-stick-meta":""},"product_cat":[21,35],"product_tag":[152,153],"class_list":{"0":"post-1343","1":"product","2":"type-product","3":"status-publish","4":"has-post-thumbnail","6":"product_cat-all","7":"product_cat-covers","8":"product_tag-cyliner-cover","9":"product_tag-milk-silk-cover","10":"desktop-align-left","11":"tablet-align-left","12":"mobile-align-left","14":"first","15":"instock","16":"sale","17":"taxable","18":"shipping-taxable","19":"purchasable","20":"product-type-variable"},"jetpack_sharing_enabled":true,"_links":{"self":[{"href":"https:\/\/partydecordelight.com\/fr\/wp-json\/wp\/v2\/product\/1343","targetHints":{"allow":["GET"]}}],"collection":[{"href":"https:\/\/partydecordelight.com\/fr\/wp-json\/wp\/v2\/product"}],"about":[{"href":"https:\/\/partydecordelight.com\/fr\/wp-json\/wp\/v2\/types\/product"}],"replies":[{"embeddable":true,"href":"https:\/\/partydecordelight.com\/fr\/wp-json\/wp\/v2\/comments?post=1343"}],"version-history":[{"count":2,"href":"https:\/\/partydecordelight.com\/fr\/wp-json\/wp\/v2\/product\/1343\/revisions"}],"predecessor-version":[{"id":2134,"href":"https:\/\/partydecordelight.com\/fr\/wp-json\/wp\/v2\/product\/1343\/revisions\/2134"}],"wp:featuredmedia":[{"embeddable":true,"href":"https:\/\/partydecordelight.com\/fr\/wp-json\/wp\/v2\/media\/2114"}],"wp:attachment":[{"href":"https:\/\/partydecordelight.com\/fr\/wp-json\/wp\/v2\/media?parent=1343"}],"wp:term":[{"taxonomy":"product_cat","embeddable":true,"href":"https:\/\/partydecordelight.com\/fr\/wp-json\/wp\/v2\/product_cat?post=1343"},{"taxonomy":"product_tag","embeddable":true,"href":"https:\/\/partydecordelight.com\/fr\/wp-json\/wp\/v2\/product_tag?post=1343"}],"curies":[{"name":"wp","href":"https:\/\/api.w.org\/{rel}","templated":true}]}}