{"id":1357,"date":"2024-06-29T13:49:47","date_gmt":"2024-06-29T05:49:47","guid":{"rendered":"https:\/\/partydecordelight.com\/product\/clearance-grass-wall-12pcs-set-high-density-artificial-panel-party-backdrop\/"},"modified":"2025-03-25T12:35:19","modified_gmt":"2025-03-25T17:35:19","slug":"clearance-grass-wall-12pcs-set-high-density-artificial-panel-party-backdrop","status":"publish","type":"product","link":"https:\/\/partydecordelight.com\/fr\/product\/clearance-grass-wall-12pcs-set-high-density-artificial-panel-party-backdrop\/","title":{"rendered":"CLEARANCE Grass Wall 12Pcs\/Set Artificial Panel Party Backdrop Green Backdrop - Grass Artificial Wall Decor"},"content":{"rendered":"<p>Ce mur d'herbe n'est pas tr\u00e8s \u00e9pais. Comme vous pouvez le voir sur la photo, il est pr\u00e9f\u00e9rable de l'utiliser avec une toile verte attach\u00e9e \u00e0 l'arri\u00e8re. Le support de toile de fond et la toile ne sont pas inclus.<\/p>\n<p>Vous pouvez utiliser un tissu de ce type : noir ou vert.<\/p>\n<p>Voici le lien pour le support de toile de fond<\/p>\n<p>https:\/\/partydecordelight.com\/product-page\/square-flower-wall-backdrop-adjustable-frame-pipe-and-drape-with-portable-bag<\/p>\n<p>&nbsp;<\/p>\n<p>Sp\u00e9cification :<\/p>\n<p>Taille : 12\u2033X18\u2033 par pi\u00e8ce<\/p>\n<p>Paquet 1 : la commande comprend 12 pi\u00e8ces, soit un total de 4ftX8ft.<\/p>\n<p>Sur l'image, il s'agit de 2 sets de 12 pi\u00e8ces, soit 24 pi\u00e8ces, ce qui correspond \u00e0 8ftX8ft.<\/p>\n<p>Mat\u00e9riau : Plastique haute densit\u00e9<\/p>\n<p>Couleur : vert<\/p>\n<p>Occasion : Mariage, f\u00eate de b\u00e9b\u00e9, ou toute autre f\u00eate, maison, jardin<\/p>\n<p>Toutes les tailles sont des mesures approximatives<\/p>\n<p><strong>Mots-cl\u00e9s :<\/strong><br \/>\nMur de gazon Milan, toile de fond verte artificielle, d\u00e9cor d'\u00e9v\u00e9nement, toile de fond de rideau enroulable, d\u00e9coration de f\u00eate, toile de fond de photomaton.<\/p>","protected":false},"excerpt":{"rendered":"<p>Exp\u00e9dition gratuite aux \u00c9tats-Unis | 2-5 jours de livraison.<\/p>","protected":false},"featured_media":1822,"comment_status":"open","ping_status":"closed","template":"","meta":{"site-sidebar-layout":"default","site-content-layout":"default","ast-global-header-display":"","ast-banner-title-visibility":"","ast-main-header-display":"","ast-hfb-above-header-display":"","ast-hfb-below-header-display":"","ast-hfb-mobile-header-display":"","site-post-title":"","ast-breadcrumbs-content":"","ast-featured-img":"","footer-sml-layout":"","theme-transparent-header-meta":"default","adv-header-id-meta":"","stick-header-meta":"default","header-above-stick-meta":"","header-main-stick-meta":"","header-below-stick-meta":""},"product_cat":[21,36],"product_tag":[128,127,129],"class_list":{"0":"post-1357","1":"product","2":"type-product","3":"status-publish","4":"has-post-thumbnail","6":"product_cat-all","7":"product_cat-artificial-flower","8":"product_tag-artificial-grass-wall","9":"product_tag-grass-wall","10":"product_tag-grass-wall-panels","11":"desktop-align-left","12":"tablet-align-left","13":"mobile-align-left","15":"first","16":"instock","17":"sale","18":"taxable","19":"shipping-taxable","20":"purchasable","21":"product-type-variable"},"jetpack_sharing_enabled":true,"_links":{"self":[{"href":"https:\/\/partydecordelight.com\/fr\/wp-json\/wp\/v2\/product\/1357","targetHints":{"allow":["GET"]}}],"collection":[{"href":"https:\/\/partydecordelight.com\/fr\/wp-json\/wp\/v2\/product"}],"about":[{"href":"https:\/\/partydecordelight.com\/fr\/wp-json\/wp\/v2\/types\/product"}],"replies":[{"embeddable":true,"href":"https:\/\/partydecordelight.com\/fr\/wp-json\/wp\/v2\/comments?post=1357"}],"version-history":[{"count":2,"href":"https:\/\/partydecordelight.com\/fr\/wp-json\/wp\/v2\/product\/1357\/revisions"}],"predecessor-version":[{"id":1825,"href":"https:\/\/partydecordelight.com\/fr\/wp-json\/wp\/v2\/product\/1357\/revisions\/1825"}],"wp:featuredmedia":[{"embeddable":true,"href":"https:\/\/partydecordelight.com\/fr\/wp-json\/wp\/v2\/media\/1822"}],"wp:attachment":[{"href":"https:\/\/partydecordelight.com\/fr\/wp-json\/wp\/v2\/media?parent=1357"}],"wp:term":[{"taxonomy":"product_cat","embeddable":true,"href":"https:\/\/partydecordelight.com\/fr\/wp-json\/wp\/v2\/product_cat?post=1357"},{"taxonomy":"product_tag","embeddable":true,"href":"https:\/\/partydecordelight.com\/fr\/wp-json\/wp\/v2\/product_tag?post=1357"}],"curies":[{"name":"wp","href":"https:\/\/api.w.org\/{rel}","templated":true}]}}