{"id":1361,"date":"2024-06-29T13:49:48","date_gmt":"2024-06-29T05:49:48","guid":{"rendered":"https:\/\/partydecordelight.com\/product\/40pcs-set-10%e2%80%b3-tall-white-flickering-flameless-battery-operated-led-taper-candle\/"},"modified":"2026-02-08T00:23:42","modified_gmt":"2026-02-08T05:23:42","slug":"40pcs-set-10%e2%80%b3-tall-white-flickering-flameless-battery-operated-led-taper-candle","status":"publish","type":"product","link":"https:\/\/partydecordelight.com\/fr\/product\/40pcs-set-10%e2%80%b3-tall-white-flickering-flameless-battery-operated-led-taper-candle\/","title":{"rendered":"30Pcs\/Set 10\u2033 Tall White Flickering Flameless Battery Operated LED Taper Candle"},"content":{"rendered":"<p>Sp\u00e9cification :<br \/>\nQuantit\u00e9 : 30 bougies LED par commande<br \/>\nMat\u00e9riau : Plastique<br \/>\nHauteur de la bougie LED : 10\u2033.<br \/>\nDiam\u00e8tre de la base : 0.75\u2033.<br \/>\nPiles : 2 piles AAA (non incluses)<br \/>\nToutes les tailles sont des mesures approximatives<\/p>\n<p>&nbsp;<\/p>\n<p>\ud83d\udd6f\ufe0f **\u00c9levez votre espace avec des bougies LED de 10\u2033, blanches, scintillantes, sans flamme et fonctionnant avec une pile** \ud83d\udd6f\ufe0f<\/p>\n<p>\u2728 *Transformez votre maison et vos \u00e9v\u00e9nements gr\u00e2ce \u00e0 la lueur hypnotique de nos bougies LED \u2728 * \u2728<\/p>\n<p>**Les points forts du produit:**<\/p>\n<p>\ud83c\udf1f **Flammes vacillantes r\u00e9alistes:** Ces bougies effil\u00e9es LED reproduisent le charme de la vraie lumi\u00e8re des bougies avec un l\u00e9ger vacillement r\u00e9aliste, cr\u00e9ant une ambiance enchanteresse.<\/p>\n<p>\ud83d\udd0b **Fonctionnement par piles:** Fini le d\u00e9sordre et les gouttes de cire - nos bougies sont aliment\u00e9es par des piles longue dur\u00e9e, ce qui leur permet de briller de mille feux pendant des heures.<\/p>\n<p>\ud83d\udeab **Safe &amp; Worry-Free:** Profitez de la chaleur de la lumi\u00e8re des bougies sans vous soucier de la s\u00e9curit\u00e9. Parfait pour les maisons avec des enfants et des animaux de compagnie, ou comme un choix de d\u00e9coration d'\u00e9v\u00e9nement \u00e9tonnant.<\/p>\n<p>\ud83d\udd6f\ufe0f **Design blanc intemporel:** Nos bougies blanches classiques s'int\u00e8grent sans effort \u00e0 tous les styles de d\u00e9coration, ce qui les rend id\u00e9ales pour les mariages, les f\u00eates ou l'am\u00e9lioration des espaces de vie quotidiens.<\/p>\n<p>\ud83d\udca1 **Utilisation polyvalente:** Qu'il s'agisse d'un d\u00eener romantique, d'une f\u00eate de fin d'ann\u00e9e ou d'une soir\u00e9e confortable, ces bougies cr\u00e9ent facilement l'ambiance.<\/p>\n<p>La technologie LED garantit une utilisation durable, ce qui vous permet d'\u00e9conomiser de l'argent par rapport aux bougies traditionnelles.<\/p>\n<p>\ud83c\udfe1 **Essentiel de d\u00e9coration int\u00e9rieure:** Cr\u00e9ez une atmosph\u00e8re sereine dans votre maison ou votre espace \u00e9v\u00e9nementiel avec ces \u00e9l\u00e9gantes bougies.<\/p>\n<p>\ud83c\udf89 **Parfait pour les occasions sp\u00e9ciales:** Ajoutez une touche de magie aux mariages, aux f\u00eates ou \u00e0 n'importe quelle c\u00e9l\u00e9bration.<\/p>\n<p>D\u00e9couvrez la beaut\u00e9 de la lumi\u00e8re des bougies sans les inconv\u00e9nients des bougies traditionnelles. Nos 10\u2033 Tall White Flickering Flameless Battery Operated LED Taper Candles sont le choix ultime pour cr\u00e9er une atmosph\u00e8re enchanteresse. Commandez maintenant et laissez l'\u00e9l\u00e9gance de la lumi\u00e8re des bougies LED illuminer votre monde ! \u2728<\/p>\n<p>[Party Decor Delight] - Lighting Up Your Life, One Candle at a Time \ud83d\udd6f\ufe0f<\/p>\n<p>&nbsp;<\/p>","protected":false},"excerpt":{"rendered":"<p>Exp\u00e9dition gratuite aux \u00c9tats-Unis | 2-5 jours de livraison.<\/p>","protected":false},"featured_media":2080,"comment_status":"open","ping_status":"closed","template":"","meta":{"site-sidebar-layout":"default","site-content-layout":"default","ast-global-header-display":"","ast-banner-title-visibility":"","ast-main-header-display":"","ast-hfb-above-header-display":"","ast-hfb-below-header-display":"","ast-hfb-mobile-header-display":"","site-post-title":"","ast-breadcrumbs-content":"","ast-featured-img":"","footer-sml-layout":"","theme-transparent-header-meta":"default","adv-header-id-meta":"","stick-header-meta":"default","header-above-stick-meta":"","header-main-stick-meta":"","header-below-stick-meta":""},"product_cat":[21,37],"product_tag":[150],"class_list":{"0":"post-1361","1":"product","2":"type-product","3":"status-publish","4":"has-post-thumbnail","6":"product_cat-all","7":"product_cat-tabletop-8-centerpieces","8":"product_tag-led-candles","9":"desktop-align-left","10":"tablet-align-left","11":"mobile-align-left","13":"first","14":"instock","15":"sale","16":"taxable","17":"shipping-taxable","18":"purchasable","19":"product-type-simple"},"jetpack_sharing_enabled":true,"_links":{"self":[{"href":"https:\/\/partydecordelight.com\/fr\/wp-json\/wp\/v2\/product\/1361","targetHints":{"allow":["GET"]}}],"collection":[{"href":"https:\/\/partydecordelight.com\/fr\/wp-json\/wp\/v2\/product"}],"about":[{"href":"https:\/\/partydecordelight.com\/fr\/wp-json\/wp\/v2\/types\/product"}],"replies":[{"embeddable":true,"href":"https:\/\/partydecordelight.com\/fr\/wp-json\/wp\/v2\/comments?post=1361"}],"version-history":[{"count":4,"href":"https:\/\/partydecordelight.com\/fr\/wp-json\/wp\/v2\/product\/1361\/revisions"}],"predecessor-version":[{"id":2432,"href":"https:\/\/partydecordelight.com\/fr\/wp-json\/wp\/v2\/product\/1361\/revisions\/2432"}],"wp:featuredmedia":[{"embeddable":true,"href":"https:\/\/partydecordelight.com\/fr\/wp-json\/wp\/v2\/media\/2080"}],"wp:attachment":[{"href":"https:\/\/partydecordelight.com\/fr\/wp-json\/wp\/v2\/media?parent=1361"}],"wp:term":[{"taxonomy":"product_cat","embeddable":true,"href":"https:\/\/partydecordelight.com\/fr\/wp-json\/wp\/v2\/product_cat?post=1361"},{"taxonomy":"product_tag","embeddable":true,"href":"https:\/\/partydecordelight.com\/fr\/wp-json\/wp\/v2\/product_tag?post=1361"}],"curies":[{"name":"wp","href":"https:\/\/api.w.org\/{rel}","templated":true}]}}