{"id":1362,"date":"2024-06-29T13:49:48","date_gmt":"2024-06-29T05:49:48","guid":{"rendered":"https:\/\/partydecordelight.com\/product\/crystal-glass-pendant-stand-2pcs-per-set-24h-party-wedding-centerpieces\/"},"modified":"2025-04-05T22:18:34","modified_gmt":"2025-04-06T03:18:34","slug":"crystal-glass-pendant-stand-2pcs-per-set-24h-party-wedding-centerpieces","status":"publish","type":"product","link":"https:\/\/partydecordelight.com\/fr\/product\/crystal-glass-pendant-stand-2pcs-per-set-24h-party-wedding-centerpieces\/","title":{"rendered":"Pendentifs en verre cristal, 2Pcs par set 24\u2033H Party &amp; Wedding Centerpieces"},"content":{"rendered":"<p>Sp\u00e9cification :<br \/>\nEmballage : 2 pi\u00e8ces par ensemble dans un emballage<br \/>\nMat\u00e9riau : Verre de cristal<br \/>\nR\u00e9sistance au poids : Environ 15 livres<br \/>\nForme : Carr\u00e9<br \/>\nHauteur totale : 24\u2033.<br \/>\nDiam\u00e8tre sup\u00e9rieur : 10.5\u2033.<br \/>\nDiam\u00e8tre de la base : 7.5\u2033.<br \/>\nDimensions de l'emballage : 26\u2033X16\u2033X8.7\u2033<br \/>\nAssemblage requis : Oui<br \/>\nOccasion : Mariage, f\u00eate de b\u00e9b\u00e9, ou toute autre f\u00eate, maison, jardin<br \/>\nToutes les tailles sont des mesures approximatives<\/p>\n<p>&nbsp;<\/p>\n<p>\u2728 **D\u00e9tails du produit** \u2728<\/p>\n<p>Cet ensemble comprend deux \u00e9l\u00e9gants supports de pendentifs en verre cristal, chacun mesurant 24 pouces de hauteur. Ces supports sont m\u00e9ticuleusement fabriqu\u00e9s pour apporter une \u00e9l\u00e9gance et une sophistication intemporelles \u00e0 vos occasions sp\u00e9ciales.<\/p>\n<p>\u2728 **Pourquoi choisir nos porte-pendentifs en cristal de verre?** \u2728<\/p>\n<p>1. **\u00c9l\u00e9gance intemporelle** : Fabriqu\u00e9s avec pr\u00e9cision \u00e0 partir de verre de haute qualit\u00e9, ces supports rayonnent d'une beaut\u00e9 intemporelle, ce qui en fait un compl\u00e9ment captivant \u00e0 tout d\u00e9cor de table.<\/p>\n<p>2. **Design polyvalent** : Nos supports sont con\u00e7us pour \u00eatre polyvalents, ce qui vous permet de les personnaliser avec divers \u00e9l\u00e9ments d\u00e9coratifs, des cristaux suspendus aux arrangements floraux, en passant par les bougies et les lumi\u00e8res LED.<\/p>\n<p>3. **Unique et adaptable** : Votre \u00e9v\u00e9nement est unique, tout comme vos pr\u00e9f\u00e9rences. Ces stands peuvent \u00eatre adapt\u00e9s \u00e0 votre th\u00e8me et \u00e0 votre palette de couleurs, garantissant ainsi une adaptation parfaite \u00e0 votre c\u00e9l\u00e9bration.<\/p>\n<p>\u2728 **Pourquoi acheter avec [Party Decor 419]?** \u2728<\/p>\n<p>Chez [Party Decor 419], nous nous engageons \u00e0 vous fournir des produits de qualit\u00e9 sup\u00e9rieure qui rehaussent l'ambiance de vos \u00e9v\u00e9nements sp\u00e9ciaux. Nos supports de pendentifs en verre cristal ne sont pas seulement des centres de table, ils sont le reflet de votre style et de l'attention que vous portez aux d\u00e9tails.<\/p>\n<p>\u2728 **Order Yours Today** \u2728<\/p>\n<p>Donnez une nouvelle dimension au d\u00e9cor de votre \u00e9v\u00e9nement avec notre ensemble de pendentifs en verre cristallin. Faites de votre c\u00e9l\u00e9bration une sensation de brillance qui laissera une impression durable sur vos invit\u00e9s.<\/p>\n<p>Ne manquez pas cette occasion d'ajouter une touche de luxe et de sophistication \u00e0 votre \u00e9v\u00e9nement. Explorez les possibilit\u00e9s infinies offertes par nos supports de pendentifs en verre cristal et laissez vos centres de table briller et vous s\u00e9duire.<\/p>\n<p>Commandez d\u00e8s aujourd'hui votre ensemble de pendentifs en verre cristallin et rendez votre c\u00e9l\u00e9bration vraiment extraordinaire !<\/p>\n<p>&nbsp;<\/p>","protected":false},"excerpt":{"rendered":"<p>Exp\u00e9dition gratuite aux \u00c9tats-Unis | 2-5 jours de livraison.<\/p>","protected":false},"featured_media":2077,"comment_status":"open","ping_status":"closed","template":"","meta":{"site-sidebar-layout":"default","site-content-layout":"default","ast-global-header-display":"","ast-banner-title-visibility":"","ast-main-header-display":"","ast-hfb-above-header-display":"","ast-hfb-below-header-display":"","ast-hfb-mobile-header-display":"","site-post-title":"","ast-breadcrumbs-content":"","ast-featured-img":"","footer-sml-layout":"","theme-transparent-header-meta":"default","adv-header-id-meta":"","stick-header-meta":"default","header-above-stick-meta":"","header-main-stick-meta":"","header-below-stick-meta":""},"product_cat":[21,37],"product_tag":[142,141],"class_list":{"0":"post-1362","1":"product","2":"type-product","3":"status-publish","4":"has-post-thumbnail","6":"product_cat-all","7":"product_cat-tabletop-8-centerpieces","8":"product_tag-candelabra","9":"product_tag-candle-holder","10":"desktop-align-left","11":"tablet-align-left","12":"mobile-align-left","14":"first","15":"instock","16":"sale","17":"taxable","18":"shipping-taxable","19":"purchasable","20":"product-type-simple"},"jetpack_sharing_enabled":true,"_links":{"self":[{"href":"https:\/\/partydecordelight.com\/fr\/wp-json\/wp\/v2\/product\/1362","targetHints":{"allow":["GET"]}}],"collection":[{"href":"https:\/\/partydecordelight.com\/fr\/wp-json\/wp\/v2\/product"}],"about":[{"href":"https:\/\/partydecordelight.com\/fr\/wp-json\/wp\/v2\/types\/product"}],"replies":[{"embeddable":true,"href":"https:\/\/partydecordelight.com\/fr\/wp-json\/wp\/v2\/comments?post=1362"}],"version-history":[{"count":2,"href":"https:\/\/partydecordelight.com\/fr\/wp-json\/wp\/v2\/product\/1362\/revisions"}],"predecessor-version":[{"id":1878,"href":"https:\/\/partydecordelight.com\/fr\/wp-json\/wp\/v2\/product\/1362\/revisions\/1878"}],"wp:featuredmedia":[{"embeddable":true,"href":"https:\/\/partydecordelight.com\/fr\/wp-json\/wp\/v2\/media\/2077"}],"wp:attachment":[{"href":"https:\/\/partydecordelight.com\/fr\/wp-json\/wp\/v2\/media?parent=1362"}],"wp:term":[{"taxonomy":"product_cat","embeddable":true,"href":"https:\/\/partydecordelight.com\/fr\/wp-json\/wp\/v2\/product_cat?post=1362"},{"taxonomy":"product_tag","embeddable":true,"href":"https:\/\/partydecordelight.com\/fr\/wp-json\/wp\/v2\/product_tag?post=1362"}],"curies":[{"name":"wp","href":"https:\/\/api.w.org\/{rel}","templated":true}]}}