{"id":1363,"date":"2024-06-29T13:49:48","date_gmt":"2024-06-29T05:49:48","guid":{"rendered":"https:\/\/partydecordelight.com\/product\/pre-order-40h-crystal-glass-5-arms-candle-holder-pendant-centerpiece\/"},"modified":"2026-02-08T00:40:03","modified_gmt":"2026-02-08T05:40:03","slug":"pre-order-40h-crystal-glass-5-arms-candle-holder-pendant-centerpiece","status":"publish","type":"product","link":"https:\/\/partydecordelight.com\/fr\/product\/pre-order-40h-crystal-glass-5-arms-candle-holder-pendant-centerpiece\/","title":{"rendered":"5 Bras 40\u2033 Grand Chandelier en Verre Cristal | Centre de table mariage | Bougies de f\u00eate | Chandelier de salle \u00e0 manger \u00e9v\u00e9nementiel"},"content":{"rendered":"<p>Ce chandelier pendentif \u00e0 5 bras en verre cristal de 40\u2033H est le compl\u00e9ment id\u00e9al \u00e0 tout d\u00e9cor de f\u00eate. Avec son design \u00e9pur\u00e9 et ses cinq bras, il ajoutera une touche unique d'\u00e9l\u00e9gance \u00e0 votre \u00e9v\u00e9nement. Les chandeliers sont fabriqu\u00e9s en verre de cristal de haute qualit\u00e9 et constitueront un magnifique centre de table. Cet article est parfait pour cr\u00e9er une atmosph\u00e8re chaleureuse et accueillante pour vos invit\u00e9s. Ajoutez une touche de sophistication \u00e0 votre prochain \u00e9v\u00e9nement avec ce bougeoir exquis.<\/p>\n<p><strong>Sp\u00e9cification :<\/strong><\/p>\n<p>Mat\u00e9riau : Verre de cristal<\/p>\n<p>Taille :<\/p>\n<ul>\n<li>Taille totale : 40\u2033 Tall<\/li>\n<li>Abat-jour : 2.4\u2033x11.8\u2033<\/li>\n<li>Cha\u00eene : 4 cha\u00eenes \/ chaque bras, 20 cha\u00eenes au total<\/li>\n<li>Base : 7\u2033 L x 7\u2033 L<\/li>\n<li>5 Armes<\/li>\n<li>Dimensions de l'emballage : 26\u2033X16\u2033X8.7\u2033<\/li>\n<\/ul>\n<p>Assemblage requis : Oui<\/p>\n<p>Occasion : Mariage, f\u00eate de b\u00e9b\u00e9, ou toute autre f\u00eate, maison, jardin<\/p>\n<p><strong>Toutes les tailles sont des mesures approximatives<\/strong><\/p>\n<p><a href=\"https:\/\/youtube.com\/shorts\/ciM18vxrNXU\" target=\"_blank\" rel=\"noopener\"><strong>Cliquez pour<\/strong><\/a><strong> <a href=\"https:\/\/youtu.be\/8rOd_c20yq8\">Instructions pour l'assemblage de<\/a><\/strong><a href=\"https:\/\/youtube.com\/shorts\/ciM18vxrNXU\" target=\"_blank\" rel=\"noopener\"><strong>\u00a0cette\u00a0<\/strong><\/a>article.<\/p>\n<p>&nbsp;<\/p>","protected":false},"excerpt":{"rendered":"<p>Exp\u00e9dition gratuite aux \u00c9tats-Unis | 2-5 jours de livraison.<\/p>","protected":false},"featured_media":2068,"comment_status":"open","ping_status":"closed","template":"","meta":{"site-sidebar-layout":"default","site-content-layout":"default","ast-global-header-display":"","ast-banner-title-visibility":"","ast-main-header-display":"","ast-hfb-above-header-display":"","ast-hfb-below-header-display":"","ast-hfb-mobile-header-display":"","site-post-title":"","ast-breadcrumbs-content":"","ast-featured-img":"","footer-sml-layout":"","theme-transparent-header-meta":"default","adv-header-id-meta":"","stick-header-meta":"default","header-above-stick-meta":"","header-main-stick-meta":"","header-below-stick-meta":""},"product_cat":[21,37],"product_tag":[142,141],"class_list":{"0":"post-1363","1":"product","2":"type-product","3":"status-publish","4":"has-post-thumbnail","6":"product_cat-all","7":"product_cat-tabletop-8-centerpieces","8":"product_tag-candelabra","9":"product_tag-candle-holder","10":"desktop-align-left","11":"tablet-align-left","12":"mobile-align-left","14":"first","15":"instock","16":"sale","17":"taxable","18":"shipping-taxable","19":"purchasable","20":"product-type-simple"},"jetpack_sharing_enabled":true,"_links":{"self":[{"href":"https:\/\/partydecordelight.com\/fr\/wp-json\/wp\/v2\/product\/1363","targetHints":{"allow":["GET"]}}],"collection":[{"href":"https:\/\/partydecordelight.com\/fr\/wp-json\/wp\/v2\/product"}],"about":[{"href":"https:\/\/partydecordelight.com\/fr\/wp-json\/wp\/v2\/types\/product"}],"replies":[{"embeddable":true,"href":"https:\/\/partydecordelight.com\/fr\/wp-json\/wp\/v2\/comments?post=1363"}],"version-history":[{"count":2,"href":"https:\/\/partydecordelight.com\/fr\/wp-json\/wp\/v2\/product\/1363\/revisions"}],"predecessor-version":[{"id":1874,"href":"https:\/\/partydecordelight.com\/fr\/wp-json\/wp\/v2\/product\/1363\/revisions\/1874"}],"wp:featuredmedia":[{"embeddable":true,"href":"https:\/\/partydecordelight.com\/fr\/wp-json\/wp\/v2\/media\/2068"}],"wp:attachment":[{"href":"https:\/\/partydecordelight.com\/fr\/wp-json\/wp\/v2\/media?parent=1363"}],"wp:term":[{"taxonomy":"product_cat","embeddable":true,"href":"https:\/\/partydecordelight.com\/fr\/wp-json\/wp\/v2\/product_cat?post=1363"},{"taxonomy":"product_tag","embeddable":true,"href":"https:\/\/partydecordelight.com\/fr\/wp-json\/wp\/v2\/product_tag?post=1363"}],"curies":[{"name":"wp","href":"https:\/\/api.w.org\/{rel}","templated":true}]}}