{"id":1367,"date":"2024-06-29T13:49:49","date_gmt":"2024-06-29T05:49:49","guid":{"rendered":"https:\/\/partydecordelight.com\/product\/3pcs-arch-chiara-backdrop-stand-walls-for-party-flowers-balloons-portable-bag\/"},"modified":"2025-04-05T22:19:42","modified_gmt":"2025-04-06T03:19:42","slug":"3pcs-arch-chiara-backdrop-stand-walls-for-party-flowers-balloons-portable-bag","status":"publish","type":"product","link":"https:\/\/partydecordelight.com\/fr\/product\/3pcs-arch-chiara-backdrop-stand-walls-for-party-flowers-balloons-portable-bag\/","title":{"rendered":"Support d'arche en alliage d'aluminium \u00e9pais 3PCs, support d'arche de mariage, support d'arche de f\u00eate, support d'arche de ballon, support d'arche florale, support d'arche de c\u00e9r\u00e9monie"},"content":{"rendered":"<p>1. Des housses sont \u00e9galement disponibles en lien s\u00e9par\u00e9 pour le support de toile de fond arqu\u00e9.<br \/>\n2. Le support de toile de fond Chiara est l\u00e9ger mais robuste.<br \/>\n3. Il est livr\u00e9 avec un sac portable pour faciliter le transport et le stockage.<br \/>\n4. Les arches sont fabriqu\u00e9es dans un mat\u00e9riau durable qui r\u00e9sistera \u00e0 l'\u00e9preuve du temps. Elles sont parfaites pour cr\u00e9er une superbe toile de fond pour vos d\u00e9corations de f\u00eate. Avec cet ensemble, vous pouvez facilement cr\u00e9er une pr\u00e9sentation magnifique et accrocheuse pour n'importe quelle occasion.<\/p>\n<p><strong>Sp\u00e9cification :<\/strong><\/p>\n<p>Le paquet comprend :<br \/>\n1\uff093 s\u00e9ries d'arcs<br \/>\n2\uff09sacs de rangement noirs<br \/>\n3\uff09instructions<\/p>\n<p>Taille : 3ft*5ft &amp; 4ft*7ft &amp; 3ft*6ft<\/p>\n<p>Mat\u00e9riau : Acier inoxydable<\/p>\n<p>Des couvertures sont disponibles pour un prix suppl\u00e9mentaire<\/p>\n<p>Dimensions de l'emballage : 33.5\u2033X13\u2033X9\u2033<\/p>\n<p>Assemblage requis : Oui<\/p>\n<p>Occasion : Mariage, f\u00eate de b\u00e9b\u00e9, ou toute autre f\u00eate, maison, jardin<\/p>\n<p>Toutes les tailles sont des mesures approximatives<\/p>\n<p>Mots cl\u00e9s :<br \/>\nSupport d'arche de fond, support d'arche de mariage, support d'arche de f\u00eate, support d'arche \u00e0 ballons, support d'arche florale, support d'arche de c\u00e9r\u00e9monie<\/p>\n<p><a href=\"https:\/\/youtu.be\/MaJD7nNpVJQ\" target=\"_blank\" rel=\"noopener\"><strong>Cliquez pour<\/strong><\/a><strong> <a href=\"https:\/\/youtu.be\/8rOd_c20yq8\">Instructions pour l'assemblage de<\/a><\/strong><a href=\"https:\/\/youtu.be\/MaJD7nNpVJQ\" target=\"_blank\" rel=\"noopener\"><strong>\u00a0cette\u00a0<\/strong><\/a>article.<\/p>","protected":false},"excerpt":{"rendered":"<p>Exp\u00e9dition gratuite aux \u00c9tats-Unis | 2-5 jours de livraison.<\/p>","protected":false},"featured_media":2042,"comment_status":"open","ping_status":"closed","template":"","meta":{"site-sidebar-layout":"default","site-content-layout":"default","ast-global-header-display":"","ast-banner-title-visibility":"","ast-main-header-display":"","ast-hfb-above-header-display":"","ast-hfb-below-header-display":"","ast-hfb-mobile-header-display":"","site-post-title":"","ast-breadcrumbs-content":"","ast-featured-img":"","footer-sml-layout":"","theme-transparent-header-meta":"default","adv-header-id-meta":"","stick-header-meta":"default","header-above-stick-meta":"","header-main-stick-meta":"","header-below-stick-meta":""},"product_cat":[21,34],"product_tag":[97,98,64,94,96,95,93,92],"class_list":{"0":"post-1367","1":"product","2":"type-product","3":"status-publish","4":"has-post-thumbnail","6":"product_cat-all","7":"product_cat-backdrop-stands","8":"product_tag-arch-backdrop-stand","9":"product_tag-arch-stand","10":"product_tag-backdrop-stand","11":"product_tag-balloon-arch-stand","12":"product_tag-ceremony-arch-stand","13":"product_tag-floral-arch-stand","14":"product_tag-party-background-stand","15":"product_tag-wedding-arch-stand","16":"desktop-align-left","17":"tablet-align-left","18":"mobile-align-left","20":"first","21":"instock","22":"sale","23":"taxable","24":"shipping-taxable","25":"purchasable","26":"product-type-simple"},"jetpack_sharing_enabled":true,"_links":{"self":[{"href":"https:\/\/partydecordelight.com\/fr\/wp-json\/wp\/v2\/product\/1367","targetHints":{"allow":["GET"]}}],"collection":[{"href":"https:\/\/partydecordelight.com\/fr\/wp-json\/wp\/v2\/product"}],"about":[{"href":"https:\/\/partydecordelight.com\/fr\/wp-json\/wp\/v2\/types\/product"}],"replies":[{"embeddable":true,"href":"https:\/\/partydecordelight.com\/fr\/wp-json\/wp\/v2\/comments?post=1367"}],"version-history":[{"count":4,"href":"https:\/\/partydecordelight.com\/fr\/wp-json\/wp\/v2\/product\/1367\/revisions"}],"predecessor-version":[{"id":2046,"href":"https:\/\/partydecordelight.com\/fr\/wp-json\/wp\/v2\/product\/1367\/revisions\/2046"}],"wp:featuredmedia":[{"embeddable":true,"href":"https:\/\/partydecordelight.com\/fr\/wp-json\/wp\/v2\/media\/2042"}],"wp:attachment":[{"href":"https:\/\/partydecordelight.com\/fr\/wp-json\/wp\/v2\/media?parent=1367"}],"wp:term":[{"taxonomy":"product_cat","embeddable":true,"href":"https:\/\/partydecordelight.com\/fr\/wp-json\/wp\/v2\/product_cat?post=1367"},{"taxonomy":"product_tag","embeddable":true,"href":"https:\/\/partydecordelight.com\/fr\/wp-json\/wp\/v2\/product_tag?post=1367"}],"curies":[{"name":"wp","href":"https:\/\/api.w.org\/{rel}","templated":true}]}}