{"id":1372,"date":"2024-06-29T13:49:53","date_gmt":"2024-06-29T05:49:53","guid":{"rendered":"https:\/\/partydecordelight.com\/product\/57h-10-arms-metal-candle-holder-candlestick-wedding-party-table-centerpiece\/"},"modified":"2026-02-08T00:40:03","modified_gmt":"2026-02-08T05:40:03","slug":"57h-10-arms-metal-candle-holder-candlestick-wedding-party-table-centerpiece","status":"publish","type":"product","link":"https:\/\/partydecordelight.com\/fr\/product\/57h-10-arms-metal-candle-holder-candlestick-wedding-party-table-centerpiece\/","title":{"rendered":"10 Arms 57\u2033 Tall Gold Metal Cluster Candelabra | Clear Crystal Glass Shades | Wedding | Party | Event Centerpiece | Tall Candle Holders"},"content":{"rendered":"<p>Ce chandelier en m\u00e9tal \u00e0 10 branches ajoute une touche classique et \u00e9l\u00e9gante \u00e0 toute f\u00eate ou \u00e9v\u00e9nement. Il est parfait pour les mariages, les anniversaires et autres occasions sp\u00e9ciales. Le support est fabriqu\u00e9 en m\u00e9tal et est con\u00e7u pour accueillir jusqu'\u00e0 10 bougies, cr\u00e9ant ainsi une atmosph\u00e8re magnifique et romantique. C'est le centre de table id\u00e9al pour toute d\u00e9coration de table, ajoutant une touche de classe et de sophistication \u00e0 l'\u00e9v\u00e9nement.<\/p>\n<p>&nbsp;<\/p>\n<p><strong>Sp\u00e9cification :<\/strong><\/p>\n<p>Mat\u00e9riau : M\u00e9tal et verre<\/p>\n<p>Occasion : Mariage, f\u00eate de b\u00e9b\u00e9, ou toute autre f\u00eate, maison, jardin<\/p>\n<p>Couleur : Gold Clear<\/p>\n<p>Hauteur totale : 57\".<\/p>\n<p>Diam\u00e8tre de la base : 11\" Lx 11\u2033L<\/p>\n<p>Dimensions de l'emballage : 27\u2033X18\u2033X8\u2033<\/p>\n<p>Nombre de tiges : 10 Tiges<\/p>\n<p>Abat-jour en verre : 10 Abat-jour en verre<\/p>\n<p>Assemblage requis : Oui Facile \u00e0 assembler<\/p>\n<p><strong>Toutes les tailles sont des mesures approximatives.<\/strong><\/p>\n<p><a href=\"https:\/\/youtu.be\/NgSeu1lDKqI\" target=\"_blank\" rel=\"noopener\"><strong>Cliquez pour<\/strong><\/a><strong> <a href=\"https:\/\/youtu.be\/8rOd_c20yq8\">Instructions pour l'assemblage de<\/a><\/strong><a href=\"https:\/\/youtu.be\/NgSeu1lDKqI\" target=\"_blank\" rel=\"noopener\"><strong>\u00a0cette\u00a0<\/strong><\/a>article.<\/p>\n<p>Mots-cl\u00e9s :<br \/>\nAbats-jour en verre de cristal, fabriqu\u00e9s \u00e0 la main, design cylindrique, bras et base en m\u00e9tal dor\u00e9, sophistication chic, centre de table, d\u00e9coration int\u00e9rieure et ext\u00e9rieure, cadeau de mariage, cadeau d'anniversaire, cadeau de pendaison de cr\u00e9maill\u00e8re, mat\u00e9riaux de haute qualit\u00e9, durables, design sym\u00e9trique, abat-jour cristallin, polyvalent.<\/p>","protected":false},"excerpt":{"rendered":"<p>Exp\u00e9dition gratuite aux \u00c9tats-Unis | 2-5 jours de livraison.<\/p>","protected":false},"featured_media":2009,"comment_status":"open","ping_status":"closed","template":"","meta":{"site-sidebar-layout":"default","site-content-layout":"default","ast-global-header-display":"","ast-banner-title-visibility":"","ast-main-header-display":"","ast-hfb-above-header-display":"","ast-hfb-below-header-display":"","ast-hfb-mobile-header-display":"","site-post-title":"","ast-breadcrumbs-content":"","ast-featured-img":"","footer-sml-layout":"","theme-transparent-header-meta":"default","adv-header-id-meta":"","stick-header-meta":"default","header-above-stick-meta":"","header-main-stick-meta":"","header-below-stick-meta":""},"product_cat":[21,37],"product_tag":[142,141],"class_list":{"0":"post-1372","1":"product","2":"type-product","3":"status-publish","4":"has-post-thumbnail","6":"product_cat-all","7":"product_cat-tabletop-8-centerpieces","8":"product_tag-candelabra","9":"product_tag-candle-holder","10":"desktop-align-left","11":"tablet-align-left","12":"mobile-align-left","14":"first","15":"instock","16":"sale","17":"taxable","18":"shipping-taxable","19":"purchasable","20":"product-type-simple"},"jetpack_sharing_enabled":true,"_links":{"self":[{"href":"https:\/\/partydecordelight.com\/fr\/wp-json\/wp\/v2\/product\/1372","targetHints":{"allow":["GET"]}}],"collection":[{"href":"https:\/\/partydecordelight.com\/fr\/wp-json\/wp\/v2\/product"}],"about":[{"href":"https:\/\/partydecordelight.com\/fr\/wp-json\/wp\/v2\/types\/product"}],"replies":[{"embeddable":true,"href":"https:\/\/partydecordelight.com\/fr\/wp-json\/wp\/v2\/comments?post=1372"}],"version-history":[{"count":2,"href":"https:\/\/partydecordelight.com\/fr\/wp-json\/wp\/v2\/product\/1372\/revisions"}],"predecessor-version":[{"id":1883,"href":"https:\/\/partydecordelight.com\/fr\/wp-json\/wp\/v2\/product\/1372\/revisions\/1883"}],"wp:featuredmedia":[{"embeddable":true,"href":"https:\/\/partydecordelight.com\/fr\/wp-json\/wp\/v2\/media\/2009"}],"wp:attachment":[{"href":"https:\/\/partydecordelight.com\/fr\/wp-json\/wp\/v2\/media?parent=1372"}],"wp:term":[{"taxonomy":"product_cat","embeddable":true,"href":"https:\/\/partydecordelight.com\/fr\/wp-json\/wp\/v2\/product_cat?post=1372"},{"taxonomy":"product_tag","embeddable":true,"href":"https:\/\/partydecordelight.com\/fr\/wp-json\/wp\/v2\/product_tag?post=1372"}],"curies":[{"name":"wp","href":"https:\/\/api.w.org\/{rel}","templated":true}]}}