{"id":1374,"date":"2024-06-29T13:49:53","date_gmt":"2024-06-29T05:49:53","guid":{"rendered":"https:\/\/partydecordelight.com\/product\/pre-order-3-piece-set-metal-gold-twist-plated-floral-dessert-table-pedestals\/"},"modified":"2026-02-08T00:40:03","modified_gmt":"2026-02-08T05:40:03","slug":"pre-order-3-piece-set-metal-gold-twist-plated-floral-dessert-table-pedestals","status":"publish","type":"product","link":"https:\/\/partydecordelight.com\/fr\/product\/pre-order-3-piece-set-metal-gold-twist-plated-floral-dessert-table-pedestals\/","title":{"rendered":"Ensemble de 3 pi\u00e8ces | Pi\u00e9destal en m\u00e9tal torsad\u00e9 dor\u00e9 pour desserts et fleurs | Cylindre rond en m\u00e9tal dor\u00e9 pour les mariages, les f\u00eates et les \u00e9v\u00e9nements"},"content":{"rendered":"<p>Ce pi\u00e9destal de table en m\u00e9tal plaqu\u00e9 or est parfait pour tout \u00e9v\u00e9nement ou occasion sp\u00e9ciale. Il pr\u00e9sente un magnifique design de plaque torsad\u00e9e dor\u00e9e qui ajoutera une touche d'\u00e9l\u00e9gance et de sophistication \u00e0 votre table de desserts ou de g\u00e2teaux. Sa construction robuste garantit la stabilit\u00e9 de votre table pendant toute la dur\u00e9e de la f\u00eate. Gr\u00e2ce \u00e0 son magnifique design, ce pi\u00e9destal donnera \u00e0 toute table de g\u00e2teaux ou de desserts une allure \u00e9blouissante et \u00e9l\u00e9gante. C'est le compl\u00e9ment id\u00e9al \u00e0 toute c\u00e9l\u00e9bration.<\/p>\n<p>&nbsp;<\/p>\n<p><strong>Sp\u00e9cification :<\/strong><\/p>\n<p>Mat\u00e9riau : M\u00e9tal et acrylique<\/p>\n<p>Occasion : Mariage, f\u00eate de b\u00e9b\u00e9, ou toute autre f\u00eate, maison, jardin<\/p>\n<p>Couleur : plaqu\u00e9 or<br \/>\nOptions de taille :<br \/>\nLe paquet comprend : 1 x 23.6\u2033 H Bar+1 x 27.6 H\" Bar+1 x 31.5\u2033 H Bar+ 3 x19.7\u2033 Bases<\/p>\n<p>Taille : #A : 23.6\u2033 H #B : 27.6 H\" #C : 31.5\u2033 H<\/p>\n<p>Taille de la base sup\u00e9rieure : 19.7\u2033 D x 4\u2033 H<\/p>\n<p>Diam\u00e8tre de la base inf\u00e9rieure : 13.8 \" Di<\/p>\n<p>Ressemblance requise : Oui Facile \u00e0 assembler<\/p>\n<p>Capacit\u00e9 de poids : jusqu'\u00e0 20LBs<\/p>\n<p><strong>Ensemble de 3 pi\u00e8ces (les 3 tailles A+B+C)<\/strong><\/p>\n<p><strong>Toutes les tailles sont des mesures approximatives<\/strong><\/p>\n<p><strong>Mots-cl\u00e9s :<\/strong><br \/>\nSocles dor\u00e9s, pr\u00e9sentoirs cylindriques, d\u00e9coration de table de dessert, supports de fond floral, d\u00e9coration d'\u00e9v\u00e9nement, centre de table de mariage, fournitures de f\u00eate.<\/p>\n<p>&nbsp;<\/p>\n<p><a href=\"https:\/\/youtu.be\/OTBfkcP7q-s\" target=\"_blank\" rel=\"noopener\"><strong>Cliquez pour<\/strong><\/a><strong> <a href=\"https:\/\/youtu.be\/8rOd_c20yq8\">Instructions <\/a><\/strong><a href=\"https:\/\/youtu.be\/OTBfkcP7q-s\" target=\"_blank\" rel=\"noopener\"><strong>\u00e0 assembler<\/strong><\/a><a href=\"https:\/\/youtu.be\/OTBfkcP7q-s\" target=\"_blank\" rel=\"noopener\"><strong>\u00a0cette table m\u00e9tal or twist Pedestals<\/strong><\/a>.<\/p>","protected":false},"excerpt":{"rendered":"<p>Exp\u00e9dition gratuite aux \u00c9tats-Unis | 2-5 jours de livraison.<\/p>","protected":false},"featured_media":2015,"comment_status":"open","ping_status":"closed","template":"","meta":{"site-sidebar-layout":"default","site-content-layout":"default","ast-global-header-display":"","ast-banner-title-visibility":"","ast-main-header-display":"","ast-hfb-above-header-display":"","ast-hfb-below-header-display":"","ast-hfb-mobile-header-display":"","site-post-title":"","ast-breadcrumbs-content":"","ast-featured-img":"","footer-sml-layout":"","theme-transparent-header-meta":"default","adv-header-id-meta":"","stick-header-meta":"default","header-above-stick-meta":"","header-main-stick-meta":"","header-below-stick-meta":""},"product_cat":[21,34],"product_tag":[63,64,55,54,66,67,68,65,53],"class_list":{"0":"post-1374","1":"product","2":"type-product","3":"status-publish","4":"has-post-thumbnail","6":"product_cat-all","7":"product_cat-backdrop-stands","8":"product_tag-backdrop","9":"product_tag-backdrop-stand","10":"product_tag-baptism-decor","11":"product_tag-birthday-party-decor","12":"product_tag-cylinder-display-stands","13":"product_tag-dessert-table-decor","14":"product_tag-floral-backdrop-stands","15":"product_tag-gold-pedestal-stands","16":"product_tag-wedding-decorations","17":"desktop-align-left","18":"tablet-align-left","19":"mobile-align-left","21":"first","22":"instock","23":"sale","24":"taxable","25":"shipping-taxable","26":"purchasable","27":"product-type-simple"},"jetpack_sharing_enabled":true,"_links":{"self":[{"href":"https:\/\/partydecordelight.com\/fr\/wp-json\/wp\/v2\/product\/1374","targetHints":{"allow":["GET"]}}],"collection":[{"href":"https:\/\/partydecordelight.com\/fr\/wp-json\/wp\/v2\/product"}],"about":[{"href":"https:\/\/partydecordelight.com\/fr\/wp-json\/wp\/v2\/types\/product"}],"replies":[{"embeddable":true,"href":"https:\/\/partydecordelight.com\/fr\/wp-json\/wp\/v2\/comments?post=1374"}],"version-history":[{"count":4,"href":"https:\/\/partydecordelight.com\/fr\/wp-json\/wp\/v2\/product\/1374\/revisions"}],"predecessor-version":[{"id":1757,"href":"https:\/\/partydecordelight.com\/fr\/wp-json\/wp\/v2\/product\/1374\/revisions\/1757"}],"wp:featuredmedia":[{"embeddable":true,"href":"https:\/\/partydecordelight.com\/fr\/wp-json\/wp\/v2\/media\/2015"}],"wp:attachment":[{"href":"https:\/\/partydecordelight.com\/fr\/wp-json\/wp\/v2\/media?parent=1374"}],"wp:term":[{"taxonomy":"product_cat","embeddable":true,"href":"https:\/\/partydecordelight.com\/fr\/wp-json\/wp\/v2\/product_cat?post=1374"},{"taxonomy":"product_tag","embeddable":true,"href":"https:\/\/partydecordelight.com\/fr\/wp-json\/wp\/v2\/product_tag?post=1374"}],"curies":[{"name":"wp","href":"https:\/\/api.w.org\/{rel}","templated":true}]}}