{"id":1375,"date":"2024-06-29T13:49:53","date_gmt":"2024-06-29T05:49:53","guid":{"rendered":"https:\/\/partydecordelight.com\/product\/pre-order-48h-clear-10-arm-crystal-cluster-round-taper-candelabra-candle-holder\/"},"modified":"2026-02-08T00:24:45","modified_gmt":"2026-02-08T05:24:45","slug":"pre-order-48h-clear-10-arm-crystal-cluster-round-taper-candelabra-candle-holder","status":"publish","type":"product","link":"https:\/\/partydecordelight.com\/fr\/product\/pre-order-48h-clear-10-arm-crystal-cluster-round-taper-candelabra-candle-holder\/","title":{"rendered":"10 Arms 48\u2033 Tall Crystal Glass Candelabra | Wedding Centerpieces | Pillar Candle Holders with Mirror Base"},"content":{"rendered":"<p>Ce cand\u00e9labre de 48\u2033 Clear 10 Arm Crystal Cluster Round Taper Candelabra est parfait pour cr\u00e9er un centre de table \u00e9poustouflant pour n'importe quel \u00e9v\u00e9nement. Le design \u00e9l\u00e9gant pr\u00e9sente dix bras orn\u00e9s de grappes de cristal et est parfait pour accueillir des bougies coniques. Il ne manquera pas de faire sensation et sera le compl\u00e9ment parfait de tout \u00e9v\u00e9nement.<\/p>\n<p>&nbsp;<\/p>\n<p><strong>Sp\u00e9cification :<\/strong><\/p>\n<p>Mat\u00e9riau : verre de cristal<\/p>\n<p>Hauteur totale : 48\u2033.<\/p>\n<p>Nombre de tiges : 10<\/p>\n<p>Tige AX2 : 20\u2033H<\/p>\n<p>Tige B X2 : 23\u2033H<\/p>\n<p>Tige C X2 : 27.5\u2033H<\/p>\n<p>Tige D X2 : 31\u2033H<\/p>\n<p>Tige E X2 : 35\u2033H<\/p>\n<p>Nombre de nuances : 10<\/p>\n<p>Hauteur de chaque abat-jour : 14\u2033.<\/p>\n<p>Diam\u00e8tre de chaque abat-jour : 2.4\u2033.<\/p>\n<p>Diam\u00e8tre de la base du miroir rond : 14\u2033<\/p>\n<p>Dimensions de l'emballage : 40\u2033X23.2\u2033X8.3\u2033<\/p>\n<p><strong>Toutes les tailles sont des mesures approximatives<\/strong><\/p>\n<p><strong>Cliquez pour <a href=\"https:\/\/youtu.be\/8rOd_c20yq8\" target=\"_blank\" rel=\"noopener\">Instructions pour l'assemblage des 10 bras du bougeoir 48\u2033.<\/a><\/strong><\/p>\n<p><strong>Mots-cl\u00e9s :<\/strong><br \/>\nBougeoir en verre cristal, fait \u00e0 la main, design cylindrique, cristal hurricane, centre de table, d\u00e9coration de table, accent sur le sol, d\u00e9coration int\u00e9rieure, cadeau de mariage, cadeau d'anniversaire, cadeau de pendaison de cr\u00e9maill\u00e8re, mat\u00e9riaux de haute qualit\u00e9, durable, design sym\u00e9trique, finition cristalline, polyvalent.<\/p>","protected":false},"excerpt":{"rendered":"<p>Exp\u00e9dition gratuite aux \u00c9tats-Unis | 2-5 jours de livraison.<\/p>","protected":false},"featured_media":2021,"comment_status":"open","ping_status":"closed","template":"","meta":{"site-sidebar-layout":"default","site-content-layout":"default","ast-global-header-display":"","ast-banner-title-visibility":"","ast-main-header-display":"","ast-hfb-above-header-display":"","ast-hfb-below-header-display":"","ast-hfb-mobile-header-display":"","site-post-title":"","ast-breadcrumbs-content":"","ast-featured-img":"","footer-sml-layout":"","theme-transparent-header-meta":"default","adv-header-id-meta":"","stick-header-meta":"default","header-above-stick-meta":"","header-main-stick-meta":"","header-below-stick-meta":""},"product_cat":[21,37],"product_tag":[142,141],"class_list":{"0":"post-1375","1":"product","2":"type-product","3":"status-publish","4":"has-post-thumbnail","6":"product_cat-all","7":"product_cat-tabletop-8-centerpieces","8":"product_tag-candelabra","9":"product_tag-candle-holder","10":"desktop-align-left","11":"tablet-align-left","12":"mobile-align-left","14":"first","15":"instock","16":"sale","17":"taxable","18":"shipping-taxable","19":"purchasable","20":"product-type-simple"},"jetpack_sharing_enabled":true,"_links":{"self":[{"href":"https:\/\/partydecordelight.com\/fr\/wp-json\/wp\/v2\/product\/1375","targetHints":{"allow":["GET"]}}],"collection":[{"href":"https:\/\/partydecordelight.com\/fr\/wp-json\/wp\/v2\/product"}],"about":[{"href":"https:\/\/partydecordelight.com\/fr\/wp-json\/wp\/v2\/types\/product"}],"replies":[{"embeddable":true,"href":"https:\/\/partydecordelight.com\/fr\/wp-json\/wp\/v2\/comments?post=1375"}],"version-history":[{"count":2,"href":"https:\/\/partydecordelight.com\/fr\/wp-json\/wp\/v2\/product\/1375\/revisions"}],"predecessor-version":[{"id":1864,"href":"https:\/\/partydecordelight.com\/fr\/wp-json\/wp\/v2\/product\/1375\/revisions\/1864"}],"wp:featuredmedia":[{"embeddable":true,"href":"https:\/\/partydecordelight.com\/fr\/wp-json\/wp\/v2\/media\/2021"}],"wp:attachment":[{"href":"https:\/\/partydecordelight.com\/fr\/wp-json\/wp\/v2\/media?parent=1375"}],"wp:term":[{"taxonomy":"product_cat","embeddable":true,"href":"https:\/\/partydecordelight.com\/fr\/wp-json\/wp\/v2\/product_cat?post=1375"},{"taxonomy":"product_tag","embeddable":true,"href":"https:\/\/partydecordelight.com\/fr\/wp-json\/wp\/v2\/product_tag?post=1375"}],"curies":[{"name":"wp","href":"https:\/\/api.w.org\/{rel}","templated":true}]}}