{"id":1376,"date":"2024-06-29T13:49:54","date_gmt":"2024-06-29T05:49:54","guid":{"rendered":"https:\/\/partydecordelight.com\/product\/36h-clear-8-arm-crystal-cluster-round-taper-candelabra-candle-holder\/"},"modified":"2026-02-08T00:40:03","modified_gmt":"2026-02-08T05:40:03","slug":"36h-clear-8-arm-crystal-cluster-round-taper-candelabra-candle-holder","status":"publish","type":"product","link":"https:\/\/partydecordelight.com\/fr\/product\/36h-clear-8-arm-crystal-cluster-round-taper-candelabra-candle-holder\/","title":{"rendered":"8 Bras 36\u2033 Tall | Crystal Glass Candelabra | Wedding Centerpieces | Pillar Candle Holders With Round Mirror Base"},"content":{"rendered":"<p>Ce magnifique chandelier 36\u2033 Clear 8 Arm Crystal Cluster Round Taper Candelabra Candelabra est le moyen id\u00e9al pour ajouter de l'\u00e9l\u00e9gance et de la sophistication \u00e0 n'importe quel \u00e9v\u00e9nement. Le cand\u00e9labre comporte 8 bras qui accueillent chacun une bougie \u00e0 pointe standard, et le design en cristal clair cr\u00e9e un affichage \u00e9poustouflant qui hypnotisera vos invit\u00e9s. Qu'il s'agisse d'un mariage, d'un anniversaire ou de toute autre occasion sp\u00e9ciale, ce chandelier ne manquera pas de faire sensation.<\/p>\n<p><strong>Sp\u00e9cification :<\/strong><\/p>\n<p>Mat\u00e9riau : verre de cristal<\/p>\n<p>Hauteur totale : 36\u2033.<\/p>\n<p>Nombre de tiges : 8<\/p>\n<p>Tige A X2 : 12\u2033H<\/p>\n<p>Tige B X2 : 15.7\u2033H<\/p>\n<p>Tige C X2 : 19.5\u2033H<\/p>\n<p>Tige D X2 : 23.5\u2033H<\/p>\n<p>Nombre de nuances : 8<\/p>\n<p>Hauteur de chaque abat-jour : 14\u2033.<\/p>\n<p>Diam\u00e8tre de chaque abat-jour : 2.4\u2033.<\/p>\n<p>Diam\u00e8tre de base du miroir rond : 12\u2033<\/p>\n<p>Dimensions de l'emballage : 27\u2033X20\u2033X11\u2033.<\/p>\n<p><a href=\"https:\/\/youtu.be\/aAUJ07aLaFY\" target=\"_blank\" rel=\"noopener\">Spectacle pour ce bougeoir<\/a><\/p>\n<p><a href=\"https:\/\/youtu.be\/K6veIMIiA4o\" target=\"_blank\" rel=\"noopener\">Instructions pour l'assemblage des 10 bras du bougeoir 48\u2033.<\/a><\/p>\n<p><strong>Mots-cl\u00e9s :<\/strong><br \/>\nBougeoir en verre cristal, fait \u00e0 la main, design cylindrique, cristal hurricane, centre de table, d\u00e9coration de table, accent sur le sol, d\u00e9coration int\u00e9rieure, cadeau de mariage, cadeau d'anniversaire, cadeau de pendaison de cr\u00e9maill\u00e8re, mat\u00e9riaux de haute qualit\u00e9, durable, design sym\u00e9trique, finition cristalline, polyvalent.<\/p>","protected":false},"excerpt":{"rendered":"<p>Exp\u00e9dition gratuite aux \u00c9tats-Unis | 2-5 jours de livraison.<\/p>","protected":false},"featured_media":1977,"comment_status":"open","ping_status":"closed","template":"","meta":{"site-sidebar-layout":"default","site-content-layout":"default","ast-global-header-display":"","ast-banner-title-visibility":"","ast-main-header-display":"","ast-hfb-above-header-display":"","ast-hfb-below-header-display":"","ast-hfb-mobile-header-display":"","site-post-title":"","ast-breadcrumbs-content":"","ast-featured-img":"","footer-sml-layout":"","theme-transparent-header-meta":"default","adv-header-id-meta":"","stick-header-meta":"default","header-above-stick-meta":"","header-main-stick-meta":"","header-below-stick-meta":""},"product_cat":[21,37],"product_tag":[142,141,143],"class_list":{"0":"post-1376","1":"product","2":"type-product","3":"status-publish","4":"has-post-thumbnail","6":"product_cat-all","7":"product_cat-tabletop-8-centerpieces","8":"product_tag-candelabra","9":"product_tag-candle-holder","10":"product_tag-centerpiece","11":"desktop-align-left","12":"tablet-align-left","13":"mobile-align-left","15":"first","16":"instock","17":"sale","18":"featured","19":"taxable","20":"shipping-taxable","21":"purchasable","22":"product-type-simple"},"jetpack_sharing_enabled":true,"_links":{"self":[{"href":"https:\/\/partydecordelight.com\/fr\/wp-json\/wp\/v2\/product\/1376","targetHints":{"allow":["GET"]}}],"collection":[{"href":"https:\/\/partydecordelight.com\/fr\/wp-json\/wp\/v2\/product"}],"about":[{"href":"https:\/\/partydecordelight.com\/fr\/wp-json\/wp\/v2\/types\/product"}],"replies":[{"embeddable":true,"href":"https:\/\/partydecordelight.com\/fr\/wp-json\/wp\/v2\/comments?post=1376"}],"version-history":[{"count":2,"href":"https:\/\/partydecordelight.com\/fr\/wp-json\/wp\/v2\/product\/1376\/revisions"}],"predecessor-version":[{"id":1854,"href":"https:\/\/partydecordelight.com\/fr\/wp-json\/wp\/v2\/product\/1376\/revisions\/1854"}],"wp:featuredmedia":[{"embeddable":true,"href":"https:\/\/partydecordelight.com\/fr\/wp-json\/wp\/v2\/media\/1977"}],"wp:attachment":[{"href":"https:\/\/partydecordelight.com\/fr\/wp-json\/wp\/v2\/media?parent=1376"}],"wp:term":[{"taxonomy":"product_cat","embeddable":true,"href":"https:\/\/partydecordelight.com\/fr\/wp-json\/wp\/v2\/product_cat?post=1376"},{"taxonomy":"product_tag","embeddable":true,"href":"https:\/\/partydecordelight.com\/fr\/wp-json\/wp\/v2\/product_tag?post=1376"}],"curies":[{"name":"wp","href":"https:\/\/api.w.org\/{rel}","templated":true}]}}