{"id":1482,"date":"2024-06-29T20:53:21","date_gmt":"2024-06-29T12:53:21","guid":{"rendered":"https:\/\/partydecordelight.com\/?post_type=product&#038;p=1482"},"modified":"2026-03-08T01:05:30","modified_gmt":"2026-03-08T06:05:30","slug":"cylinder","status":"publish","type":"product","link":"https:\/\/partydecordelight.com\/fr\/product\/cylinder\/","title":{"rendered":"Lot de 5 socles cylindriques en m\u00e9tal blanc pour l'all\u00e9e de mariage, socles ronds, bo\u00eetes \u00e0 piliers, supports \u00e0 g\u00e2teaux en acier \u00e9pais, d\u00e9corations d'\u00e9v\u00e9nements, d\u00e9corations de f\u00eates d'anniversaire."},"content":{"rendered":"<p><img fetchpriority=\"high\" decoding=\"async\" class=\"alignnone wp-image-1469\" src=\"https:\/\/partydecordelight.com\/wp-content\/uploads\/2024\/06\/22-300x56.jpg\" alt=\"\" width=\"825\" height=\"154\" srcset=\"https:\/\/partydecordelight.com\/wp-content\/uploads\/2024\/06\/22-300x56.jpg 300w, https:\/\/partydecordelight.com\/wp-content\/uploads\/2024\/06\/22-1024x193.jpg 1024w, https:\/\/partydecordelight.com\/wp-content\/uploads\/2024\/06\/22-768x144.jpg 768w, https:\/\/partydecordelight.com\/wp-content\/uploads\/2024\/06\/22-1536x289.jpg 1536w, https:\/\/partydecordelight.com\/wp-content\/uploads\/2024\/06\/22.jpg 1803w\" sizes=\"(max-width: 825px) 100vw, 825px\" \/><\/p>\n<p><strong>Caract\u00e9ristiques :<\/strong><br \/>\n1. Faciles \u00e0 ranger, ils peuvent \u00eatre embo\u00eet\u00e9s les uns dans les autres pour ne pas prendre trop de place.<br \/>\n2. R\u00e9utilisable. La qualit\u00e9 est bonne car nous utilisons des mat\u00e9riaux m\u00e9talliques \u00e9pais et de bonne qualit\u00e9.<br \/>\n3. La housse en tissu est amovible et lavable pour un remplacement facile.<\/p>\n<p><strong>Sp\u00e9cification :<\/strong><br \/>\nMat\u00e9riau : M\u00e9tal (bonne qualit\u00e9, \u00e9pais)<br \/>\nChaque paquet comprend : 5 pi\u00e8ces par ensemble<br \/>\nOccasion : Mariage, f\u00eate de b\u00e9b\u00e9, ou toute autre f\u00eate, maison, jardin, etc.<br \/>\nCouleur des cylindres : Blanc<br \/>\nTaille des cylindres :<br \/>\n#1 : 35\u2033H x16 \"D<br \/>\n#2 : 30\u2033H x14\u2033D<br \/>\n#3 : 24\u2033H x 13\u2033D<br \/>\n#4 : 22\u2033H x 12\u2033D<br \/>\n#5 : 20\u2033H x 11\u2033D.<br \/>\nToutes les tailles sont des mesures approximatives<\/p>\n<p>Cet ensemble de supports est sp\u00e9cialement con\u00e7u pour rehausser l'attrait visuel des mariages et des \u00e9v\u00e9nements. Fabriqu\u00e9s en m\u00e9tal de haute qualit\u00e9, ces supports sont \u00e0 la fois durables et d'un design \u00e9l\u00e9gant et moderne. L'ensemble comprend cinq supports, chacun dot\u00e9 d'un socle rond au sommet, offrant une base stable pour les d\u00e9corations choisies. Ils offrent un support solide pour les toiles de fond, garantissant un point focal captivant tout au long de votre c\u00e9l\u00e9bration. Ajoutez une touche d'\u00e9l\u00e9gance \u00e0 votre d\u00e9cor de mariage avec ces colonnes cylindriques en m\u00e9tal.<\/p>\n<p><strong>Mots-cl\u00e9s :<\/strong><br \/>\npr\u00e9sentoirs \u00e0 g\u00e2teaux, pr\u00e9sentoirs \u00e0 desserts, pr\u00e9sentoirs \u00e0 cylindres, pr\u00e9sentoirs \u00e0 socles, piliers en m\u00e9tal, stables, durables, polyvalents, faits \u00e0 la main, d\u00e9corations de mariage, d\u00e9corations de f\u00eates d'anniversaire, d\u00e9corations de bapt\u00eame, pr\u00e9sentoirs de mode, supports de marketing, pr\u00e9sentoirs \u00e0 plantes, pr\u00e9sentoirs d'art<\/p>\n<p>&nbsp;<\/p>","protected":false},"excerpt":{"rendered":"<p>Exp\u00e9dition gratuite aux \u00c9tats-Unis | 2-5 jours de livraison.<\/p>","protected":false},"featured_media":2000,"comment_status":"open","ping_status":"closed","template":"","meta":{"site-sidebar-layout":"default","site-content-layout":"default","ast-global-header-display":"","ast-banner-title-visibility":"","ast-main-header-display":"","ast-hfb-above-header-display":"","ast-hfb-below-header-display":"","ast-hfb-mobile-header-display":"","site-post-title":"","ast-breadcrumbs-content":"","ast-featured-img":"","footer-sml-layout":"","theme-transparent-header-meta":"default","adv-header-id-meta":"","stick-header-meta":"default","header-above-stick-meta":"","header-main-stick-meta":"","header-below-stick-meta":""},"product_cat":[21,34],"product_tag":[63,64,55,54,43,60,46,44,45,50,48,61,47,62,49,53],"class_list":{"0":"post-1482","1":"product","2":"type-product","3":"status-publish","4":"has-post-thumbnail","6":"product_cat-all","7":"product_cat-backdrop-stands","8":"product_tag-backdrop","9":"product_tag-backdrop-stand","10":"product_tag-baptism-decor","11":"product_tag-birthday-party-decor","12":"product_tag-cake-stands","13":"product_tag-cylinder","14":"product_tag-cylinder-stands","15":"product_tag-dessert-stands","16":"product_tag-display-stands","17":"product_tag-durable","18":"product_tag-metal-pillars","19":"product_tag-pedestal","20":"product_tag-pedestal-plinth-stands","21":"product_tag-plinth","22":"product_tag-stable","23":"product_tag-wedding-decorations","24":"desktop-align-left","25":"tablet-align-left","26":"mobile-align-left","28":"first","29":"instock","30":"sale","31":"featured","32":"taxable","33":"shipping-taxable","34":"purchasable","35":"product-type-simple"},"jetpack_sharing_enabled":true,"_links":{"self":[{"href":"https:\/\/partydecordelight.com\/fr\/wp-json\/wp\/v2\/product\/1482","targetHints":{"allow":["GET"]}}],"collection":[{"href":"https:\/\/partydecordelight.com\/fr\/wp-json\/wp\/v2\/product"}],"about":[{"href":"https:\/\/partydecordelight.com\/fr\/wp-json\/wp\/v2\/types\/product"}],"replies":[{"embeddable":true,"href":"https:\/\/partydecordelight.com\/fr\/wp-json\/wp\/v2\/comments?post=1482"}],"version-history":[{"count":8,"href":"https:\/\/partydecordelight.com\/fr\/wp-json\/wp\/v2\/product\/1482\/revisions"}],"predecessor-version":[{"id":1641,"href":"https:\/\/partydecordelight.com\/fr\/wp-json\/wp\/v2\/product\/1482\/revisions\/1641"}],"wp:featuredmedia":[{"embeddable":true,"href":"https:\/\/partydecordelight.com\/fr\/wp-json\/wp\/v2\/media\/2000"}],"wp:attachment":[{"href":"https:\/\/partydecordelight.com\/fr\/wp-json\/wp\/v2\/media?parent=1482"}],"wp:term":[{"taxonomy":"product_cat","embeddable":true,"href":"https:\/\/partydecordelight.com\/fr\/wp-json\/wp\/v2\/product_cat?post=1482"},{"taxonomy":"product_tag","embeddable":true,"href":"https:\/\/partydecordelight.com\/fr\/wp-json\/wp\/v2\/product_tag?post=1482"}],"curies":[{"name":"wp","href":"https:\/\/api.w.org\/{rel}","templated":true}]}}