{"id":2249,"date":"2024-07-21T14:34:13","date_gmt":"2024-07-21T06:34:13","guid":{"rendered":"https:\/\/partydecordelight.com\/?post_type=product&#038;p=2249"},"modified":"2024-07-21T14:37:30","modified_gmt":"2024-07-21T06:37:30","slug":"10-pcs-11-8-tall-crystal-glass-candelabra-shades-crystal-glass-candelabra-arm","status":"publish","type":"product","link":"https:\/\/partydecordelight.com\/fr\/product\/10-pcs-11-8-tall-crystal-glass-candelabra-shades-crystal-glass-candelabra-arm\/","title":{"rendered":"10 Pcs 11.8\u2033 Tall | Crystal Glass Candelabra Shades | Crystal Glass Candelabra Arm"},"content":{"rendered":"<p>Mat\u00e9riau : Verre de cristal<br \/>\nTaille : 11.8\u2033H X 2.4 \"D (pour 5 bougeoirs en verre cristal)<\/p>\n<p><strong>Mots-cl\u00e9s :<\/strong><br \/>\nBougeoir en verre cristal, fait \u00e0 la main, design cylindrique, cristal hurricane, centre de table, d\u00e9coration de table, accent sur le sol, d\u00e9coration int\u00e9rieure, cadeau de mariage, cadeau d'anniversaire, cadeau de pendaison de cr\u00e9maill\u00e8re, mat\u00e9riaux de haute qualit\u00e9, durable, design sym\u00e9trique, finition cristalline, polyvalent.<\/p>","protected":false},"excerpt":{"rendered":"<p>Exp\u00e9dition gratuite aux \u00c9tats-Unis | 2-5 jours de livraison.<\/p>","protected":false},"featured_media":2247,"comment_status":"open","ping_status":"closed","template":"","meta":{"site-sidebar-layout":"default","site-content-layout":"default","ast-global-header-display":"","ast-banner-title-visibility":"","ast-main-header-display":"","ast-hfb-above-header-display":"","ast-hfb-below-header-display":"","ast-hfb-mobile-header-display":"","site-post-title":"","ast-breadcrumbs-content":"","ast-featured-img":"","footer-sml-layout":"","theme-transparent-header-meta":"default","adv-header-id-meta":"","stick-header-meta":"default","header-above-stick-meta":"","header-main-stick-meta":"","header-below-stick-meta":""},"product_cat":[21,37],"product_tag":[142,141,143],"class_list":{"0":"post-2249","1":"product","2":"type-product","3":"status-publish","4":"has-post-thumbnail","6":"product_cat-all","7":"product_cat-tabletop-8-centerpieces","8":"product_tag-candelabra","9":"product_tag-candle-holder","10":"product_tag-centerpiece","11":"desktop-align-left","12":"tablet-align-left","13":"mobile-align-left","15":"first","16":"instock","17":"sale","18":"taxable","19":"shipping-taxable","20":"purchasable","21":"product-type-simple"},"jetpack_sharing_enabled":true,"_links":{"self":[{"href":"https:\/\/partydecordelight.com\/fr\/wp-json\/wp\/v2\/product\/2249","targetHints":{"allow":["GET"]}}],"collection":[{"href":"https:\/\/partydecordelight.com\/fr\/wp-json\/wp\/v2\/product"}],"about":[{"href":"https:\/\/partydecordelight.com\/fr\/wp-json\/wp\/v2\/types\/product"}],"replies":[{"embeddable":true,"href":"https:\/\/partydecordelight.com\/fr\/wp-json\/wp\/v2\/comments?post=2249"}],"version-history":[{"count":1,"href":"https:\/\/partydecordelight.com\/fr\/wp-json\/wp\/v2\/product\/2249\/revisions"}],"predecessor-version":[{"id":2252,"href":"https:\/\/partydecordelight.com\/fr\/wp-json\/wp\/v2\/product\/2249\/revisions\/2252"}],"wp:featuredmedia":[{"embeddable":true,"href":"https:\/\/partydecordelight.com\/fr\/wp-json\/wp\/v2\/media\/2247"}],"wp:attachment":[{"href":"https:\/\/partydecordelight.com\/fr\/wp-json\/wp\/v2\/media?parent=2249"}],"wp:term":[{"taxonomy":"product_cat","embeddable":true,"href":"https:\/\/partydecordelight.com\/fr\/wp-json\/wp\/v2\/product_cat?post=2249"},{"taxonomy":"product_tag","embeddable":true,"href":"https:\/\/partydecordelight.com\/fr\/wp-json\/wp\/v2\/product_tag?post=2249"}],"curies":[{"name":"wp","href":"https:\/\/api.w.org\/{rel}","templated":true}]}}